{"id":953,"date":"2023-09-28T06:09:49","date_gmt":"2023-09-28T04:09:49","guid":{"rendered":"https:\/\/wintertagtraum.at\/?post_type=product&#038;p=953"},"modified":"2025-12-31T11:44:26","modified_gmt":"2025-12-31T10:44:26","slug":"sturm-maroni-socken-set-soft-merino","status":"publish","type":"product","link":"https:\/\/wintertagtraum.at\/?product=sturm-maroni-socken-set-soft-merino","title":{"rendered":"&#8222;Sturm &#038; Maroni&#8220; &#8211; Soft Merino 50s"},"content":{"rendered":"<blockquote><p>&#8222;Im Herbst, da wird es st\u00fcrmisch in der S\u00fcdsteiermark. Aber keine Sorge dabei meinen wir nicht das Wetter. Das zeigt sich auch gegen Jahresende noch von seiner besten Seite. Aber wenn aus dem kostbarsten Gut der S\u00fcdsteiermark, den Trauben, der Sturm entsteht, sind auch die &#8222;Kastanienbrater&#8220; (Maronibrater) nicht mehr weit.<\/p>\n<div class=\"wysiwyg mt-4\">\n<p>Entlang der Weinstra\u00dfen findet man zahlreiche St\u00e4nde, die k\u00f6stliche Kastanien, frisch gebraten und im Zeitungsstanitzel serviert, zubereiten und dazu ein gutes Glas roten, wei\u00dfen oder Schilcher Sturm anbieten. Von Anfang September bis Ende Oktober, je nach Zeitpunkt der Weinlese, zieht der s\u00fc\u00dfe Sturm ins Land ein und man kann den k\u00f6stlichen Traubenmost in vollen Z\u00fcgen genie\u00dfen. Dazu so ein Sackerl noch hei\u00dfer Kastanien \u2013 so schmeckt der Herbst in der S\u00fcdsteiermark wohl am besten.&#8220; (Steiermark.com)<\/p>\n<\/div>\n<\/blockquote>\n<ul>\n<li>St\u00e4rke: Fingering<\/li>\n<li>Base: Soft Merino (100% Merino)Hightwist , 365m\/100g, superwash<\/li>\n<li>Achtung: Es handelt sich hier um 50g Str\u00e4nge (ca 183m\/50g)<\/li>\n<\/ul>\n<p>Einfach DIE klassiche Herbstkombo bei uns in Graz bzw der Steiermark generell. Ich hab mich farblich eher am Schilcher Sturm angelehnt, der schmeckt mir pers\u00f6nlich einfach auch besser. Beziehungweise hat immer besser geschmeckt, ich vertrag leider fast gar keinen Alkohol mehr und so gibts f\u00fcr mich maximal einen Schluck im Jahr f\u00fcr den Geschmack, aber inzwischen bleib ich meist einfach bei Maroni und dazu gibts Traubensaft gespritzt. Gekochte Maroni sind\u00a0 aktuell auch mein Praktikumssnack, da sie gut satt aber nicht so voll machen.<\/p>\n<p>Verdammt jetzt krieg ich Lust auf Kastanienreis mit Ribiselsauce (Preiselbeeren) und das w\u00fcrde farblich sogar auch fast passen \ud83d\ude42<\/p>\n<p>Die &#8222;Soft Merino&#8220; Base ist quasi die plastikfreie Schwester der &#8222;Soft Sock&#8220; Base. Sie ist ebenfalls stark verzwirnt und so auch gut f\u00fcr Socken geeignet. Ich w\u00fcrde dir empfehlen vielleicht ein bisschen von deiner &#8222;normalen&#8220; Nadelst\u00e4rke runter zu gehen, sodass die Socke sch\u00f6n fest verstrickt wird und so gut und lange h\u00e4lt.<\/p>\n<p>Ihr k\u00f6nnt beide Str\u00e4nge oder auch nur einen ausw\u00e4hlen, sodass<\/p>\n","protected":false},"excerpt":{"rendered":"<p>&#8222;Im Herbst, da wird es st\u00fcrmisch in der S\u00fcdsteiermark. Aber keine Sorge dabei meinen wir nicht das Wetter. Das zeigt sich auch gegen Jahresende noch von seiner besten Seite. Aber wenn aus dem kostbarsten Gut der S\u00fcdsteiermark, den Trauben, der Sturm entsteht, sind auch die &#8222;Kastanienbrater&#8220; (Maronibrater) nicht mehr weit. Entlang der Weinstra\u00dfen findet man [&hellip;]<\/p>\n","protected":false},"featured_media":954,"comment_status":"open","ping_status":"closed","template":"","meta":[],"product_brand":[],"product_cat":[37,17,19,56],"product_tag":[],"class_list":{"0":"post-953","1":"product","2":"type-product","3":"status-publish","4":"has-post-thumbnail","6":"product_cat-plasticfree","7":"product_cat-fingering","8":"product_cat-sock-sets","9":"product_cat-soft-merino","11":"first","12":"instock","13":"featured","14":"shipping-taxable","15":"product-type-variable"},"_links":{"self":[{"href":"https:\/\/wintertagtraum.at\/index.php?rest_route=\/wp\/v2\/product\/953","targetHints":{"allow":["GET"]}}],"collection":[{"href":"https:\/\/wintertagtraum.at\/index.php?rest_route=\/wp\/v2\/product"}],"about":[{"href":"https:\/\/wintertagtraum.at\/index.php?rest_route=\/wp\/v2\/types\/product"}],"replies":[{"embeddable":true,"href":"https:\/\/wintertagtraum.at\/index.php?rest_route=%2Fwp%2Fv2%2Fcomments&post=953"}],"wp:featuredmedia":[{"embeddable":true,"href":"https:\/\/wintertagtraum.at\/index.php?rest_route=\/wp\/v2\/media\/954"}],"wp:attachment":[{"href":"https:\/\/wintertagtraum.at\/index.php?rest_route=%2Fwp%2Fv2%2Fmedia&parent=953"}],"wp:term":[{"taxonomy":"product_brand","embeddable":true,"href":"https:\/\/wintertagtraum.at\/index.php?rest_route=%2Fwp%2Fv2%2Fproduct_brand&post=953"},{"taxonomy":"product_cat","embeddable":true,"href":"https:\/\/wintertagtraum.at\/index.php?rest_route=%2Fwp%2Fv2%2Fproduct_cat&post=953"},{"taxonomy":"product_tag","embeddable":true,"href":"https:\/\/wintertagtraum.at\/index.php?rest_route=%2Fwp%2Fv2%2Fproduct_tag&post=953"}],"curies":[{"name":"wp","href":"https:\/\/api.w.org\/{rel}","templated":true}]}}