{"id":891,"date":"2023-08-31T21:53:51","date_gmt":"2023-08-31T19:53:51","guid":{"rendered":"https:\/\/wintertagtraum.at\/?post_type=product&#038;p=891"},"modified":"2025-12-29T21:42:28","modified_gmt":"2025-12-29T20:42:28","slug":"look-what-the-cat-dragged-in-ooak-single-fingering","status":"publish","type":"product","link":"https:\/\/wintertagtraum.at\/?product=look-what-the-cat-dragged-in-ooak-single-fingering","title":{"rendered":"&#8222;Look what the cat dragged in (OOAK)&#8220; Single Fingering"},"content":{"rendered":"<ul>\n<li>St\u00e4rke: Fingering<\/li>\n<li>Base: Single Fingering (70% Merino \/30% Tencel ), 360m\/100g, non-superwash<\/li>\n<\/ul>\n<p>Ich hab euch auf Instagramm gefragt wie ihr diese F\u00e4rbung nennen w\u00fcrdet und da war von Leberwurst, Roadkill bis hin zu Beeren, Bl\u00fcten, Flamingos oder auch Romance tolle Vorschl\u00e4ge dabei.<\/p>\n<p>Alle Namen h\u00e4tten irgendwie gepasst und einige haben mich gleich auf neue Ideen gebracht \ud83d\ude09 So bin ich bei den eher &#8222;morbiden bzw lustigen&#8220; Namen geblieben und hab mich dran erinnert, dass unsere Katzen \u00f6fter Mal &#8222;Geschenke&#8220; mit nach Hause gebracht haben. Oft war nicht klar was es ist und ob ich es wirklich wissen will.<\/p>\n<p>Bei &#8222;Single Fingering&#8220; handelt es sich um ein Single Garn, dies ist dadurch besonders leicht und fluffig, jedoch nicht so stabil wie Garne die aus mehreren Einzelf\u00e4den verzwirnt wurden. Sie passt super f\u00fcr Schals, M\u00fctzen aber auch Kleidungsst\u00fccke sind m\u00f6glich wenn ein paar Dinge beachtet. Als Sockengarn kann ich es euch leider nicht empfehlen.<\/p>\n","protected":false},"excerpt":{"rendered":"<p>St\u00e4rke: Fingering Base: Single Fingering (70% Merino \/30% Tencel ), 360m\/100g, non-superwash Ich hab euch auf Instagramm gefragt wie ihr diese F\u00e4rbung nennen w\u00fcrdet und da war von Leberwurst, Roadkill bis hin zu Beeren, Bl\u00fcten, Flamingos oder auch Romance tolle Vorschl\u00e4ge dabei. Alle Namen h\u00e4tten irgendwie gepasst und einige haben mich gleich auf neue Ideen [&hellip;]<\/p>\n","protected":false},"featured_media":952,"comment_status":"open","ping_status":"closed","template":"","meta":[],"product_brand":[],"product_cat":[37,17,80],"product_tag":[],"class_list":{"0":"post-891","1":"product","2":"type-product","3":"status-publish","4":"has-post-thumbnail","6":"product_cat-plasticfree","7":"product_cat-fingering","8":"product_cat-singles","10":"first","11":"instock","12":"featured","13":"shipping-taxable","14":"product-type-simple"},"_links":{"self":[{"href":"https:\/\/wintertagtraum.at\/index.php?rest_route=\/wp\/v2\/product\/891","targetHints":{"allow":["GET"]}}],"collection":[{"href":"https:\/\/wintertagtraum.at\/index.php?rest_route=\/wp\/v2\/product"}],"about":[{"href":"https:\/\/wintertagtraum.at\/index.php?rest_route=\/wp\/v2\/types\/product"}],"replies":[{"embeddable":true,"href":"https:\/\/wintertagtraum.at\/index.php?rest_route=%2Fwp%2Fv2%2Fcomments&post=891"}],"wp:featuredmedia":[{"embeddable":true,"href":"https:\/\/wintertagtraum.at\/index.php?rest_route=\/wp\/v2\/media\/952"}],"wp:attachment":[{"href":"https:\/\/wintertagtraum.at\/index.php?rest_route=%2Fwp%2Fv2%2Fmedia&parent=891"}],"wp:term":[{"taxonomy":"product_brand","embeddable":true,"href":"https:\/\/wintertagtraum.at\/index.php?rest_route=%2Fwp%2Fv2%2Fproduct_brand&post=891"},{"taxonomy":"product_cat","embeddable":true,"href":"https:\/\/wintertagtraum.at\/index.php?rest_route=%2Fwp%2Fv2%2Fproduct_cat&post=891"},{"taxonomy":"product_tag","embeddable":true,"href":"https:\/\/wintertagtraum.at\/index.php?rest_route=%2Fwp%2Fv2%2Fproduct_tag&post=891"}],"curies":[{"name":"wp","href":"https:\/\/api.w.org\/{rel}","templated":true}]}}