{"id":819,"date":"2023-07-16T12:46:35","date_gmt":"2023-07-16T10:46:35","guid":{"rendered":"https:\/\/wintertagtraum.at\/?post_type=product&#038;p=819"},"modified":"2025-12-29T21:42:28","modified_gmt":"2025-12-29T20:42:28","slug":"brick-mortar-best-of-the-test-flax-sock","status":"publish","type":"product","link":"https:\/\/wintertagtraum.at\/?product=brick-mortar-best-of-the-test-flax-sock","title":{"rendered":"&#8222;Brick &#038; Mortar&#8220; (OOAK) Flax Sock"},"content":{"rendered":"<blockquote>\n<div class=\"ujudUb\"><\/div>\n<\/blockquote>\n<div>&#8222;Best of the Test&#8220; sind Str\u00e4nge aus kleinen Farbstudien, wenn ich zum Beispiel neue Pigmente oder Bases teste. Das hei\u00dft sie sind oft One Of A Kind (OOAK) und Einzelst\u00fccke oder nur in sehr kleiner St\u00fcckzahl verf\u00fcgbar.<\/div>\n<div><\/div>\n<div>Laufl\u00e4nge: 400m = 100g<\/div>\n<div>Schurwolle von der Schw\u00e4bischen Alb(Sch\u00e4ferei Stotz) in einer Mischung mit Leinen aus franz\u00f6sischem Anbau und gef\u00e4rbt im S\u00fcden von \u00d6sterreich<\/div>\n","protected":false},"excerpt":{"rendered":"<p>&#8222;Best of the Test&#8220; sind Str\u00e4nge aus kleinen Farbstudien, wenn ich zum Beispiel neue Pigmente oder Bases teste. Das hei\u00dft sie sind oft One Of A Kind (OOAK) und Einzelst\u00fccke oder nur in sehr kleiner St\u00fcckzahl verf\u00fcgbar. Laufl\u00e4nge: 400m = 100g Schurwolle von der Schw\u00e4bischen Alb(Sch\u00e4ferei Stotz) in einer Mischung mit Leinen aus franz\u00f6sischem Anbau [&hellip;]<\/p>\n","protected":false},"featured_media":820,"comment_status":"open","ping_status":"closed","template":"","meta":[],"product_brand":[],"product_cat":[37,17,42,63],"product_tag":[],"class_list":{"0":"post-819","1":"product","2":"type-product","3":"status-publish","4":"has-post-thumbnail","6":"product_cat-plasticfree","7":"product_cat-fingering","8":"product_cat-flax-sock","9":"product_cat-sale","11":"first","12":"instock","13":"sale","14":"shipping-taxable","15":"product-type-simple"},"_links":{"self":[{"href":"https:\/\/wintertagtraum.at\/index.php?rest_route=\/wp\/v2\/product\/819","targetHints":{"allow":["GET"]}}],"collection":[{"href":"https:\/\/wintertagtraum.at\/index.php?rest_route=\/wp\/v2\/product"}],"about":[{"href":"https:\/\/wintertagtraum.at\/index.php?rest_route=\/wp\/v2\/types\/product"}],"replies":[{"embeddable":true,"href":"https:\/\/wintertagtraum.at\/index.php?rest_route=%2Fwp%2Fv2%2Fcomments&post=819"}],"wp:featuredmedia":[{"embeddable":true,"href":"https:\/\/wintertagtraum.at\/index.php?rest_route=\/wp\/v2\/media\/820"}],"wp:attachment":[{"href":"https:\/\/wintertagtraum.at\/index.php?rest_route=%2Fwp%2Fv2%2Fmedia&parent=819"}],"wp:term":[{"taxonomy":"product_brand","embeddable":true,"href":"https:\/\/wintertagtraum.at\/index.php?rest_route=%2Fwp%2Fv2%2Fproduct_brand&post=819"},{"taxonomy":"product_cat","embeddable":true,"href":"https:\/\/wintertagtraum.at\/index.php?rest_route=%2Fwp%2Fv2%2Fproduct_cat&post=819"},{"taxonomy":"product_tag","embeddable":true,"href":"https:\/\/wintertagtraum.at\/index.php?rest_route=%2Fwp%2Fv2%2Fproduct_tag&post=819"}],"curies":[{"name":"wp","href":"https:\/\/api.w.org\/{rel}","templated":true}]}}