{"id":815,"date":"2023-07-16T12:30:04","date_gmt":"2023-07-16T10:30:04","guid":{"rendered":"https:\/\/wintertagtraum.at\/?post_type=product&#038;p=815"},"modified":"2025-12-29T21:42:28","modified_gmt":"2025-12-29T20:42:28","slug":"golden-hour-summer-sock","status":"publish","type":"product","link":"https:\/\/wintertagtraum.at\/?product=golden-hour-summer-sock","title":{"rendered":"&#8222;Golden Hour&#8220; Summer Sock"},"content":{"rendered":"<p>Ich bin gar kein sommerlicher Typ und ab 25 Grad ist mein Schmelzpunkt \u00fcberschritten. Wie viele sitz ich auch grad in der abgedunkelten Wohnung, alle Fenster sind zu damit m\u00f6glichst viel Hitze drau\u00dfen bleibt. Funktioniert in der Theorie super.<\/p>\n<p>Ich dachte mir, damit ich zumindest ein bisschen Urlaubsstimmung in die Stadtwohnung krieg gibts eine F\u00e4rbung, die an die Sonnenunterg\u00e4nge am Strand erinnert. Fr\u00fcher war ich meistens mit meiner Familie in Kroatien zelten und schon damals fand ich die Abendstimmung am besten. Besonders die klaren Abende mit nur 1-2 Wolken am Himmel, die dann bunte Farbtupfer am Himmelwerden und sich das ganze Schauspiel auf der See widerspiegelt.<\/p>\n<ul>\n<li>St\u00e4rke: Fingering<\/li>\n<li>Base: Summer Sock (70% Merino \/ 15% Cotton \/ 15% Bamboo), 400m\/100g, superwash<\/li>\n<\/ul>\n<p>&nbsp;<\/p>\n<p>&nbsp;<\/p>\n<p>&nbsp;<\/p>\n<p>&nbsp;<\/p>\n","protected":false},"excerpt":{"rendered":"<p>Ich bin gar kein sommerlicher Typ und ab 25 Grad ist mein Schmelzpunkt \u00fcberschritten. Wie viele sitz ich auch grad in der abgedunkelten Wohnung, alle Fenster sind zu damit m\u00f6glichst viel Hitze drau\u00dfen bleibt. Funktioniert in der Theorie super. Ich dachte mir, damit ich zumindest ein bisschen Urlaubsstimmung in die Stadtwohnung krieg gibts eine F\u00e4rbung, [&hellip;]<\/p>\n","protected":false},"featured_media":816,"comment_status":"open","ping_status":"closed","template":"","meta":[],"product_brand":[],"product_cat":[37,17,52,43],"product_tag":[],"class_list":{"0":"post-815","1":"product","2":"type-product","3":"status-publish","4":"has-post-thumbnail","6":"product_cat-plasticfree","7":"product_cat-fingering","8":"product_cat-queer-collection","9":"product_cat-summer-sock","11":"first","12":"instock","13":"sale","14":"featured","15":"shipping-taxable","16":"product-type-simple"},"_links":{"self":[{"href":"https:\/\/wintertagtraum.at\/index.php?rest_route=\/wp\/v2\/product\/815","targetHints":{"allow":["GET"]}}],"collection":[{"href":"https:\/\/wintertagtraum.at\/index.php?rest_route=\/wp\/v2\/product"}],"about":[{"href":"https:\/\/wintertagtraum.at\/index.php?rest_route=\/wp\/v2\/types\/product"}],"replies":[{"embeddable":true,"href":"https:\/\/wintertagtraum.at\/index.php?rest_route=%2Fwp%2Fv2%2Fcomments&post=815"}],"wp:featuredmedia":[{"embeddable":true,"href":"https:\/\/wintertagtraum.at\/index.php?rest_route=\/wp\/v2\/media\/816"}],"wp:attachment":[{"href":"https:\/\/wintertagtraum.at\/index.php?rest_route=%2Fwp%2Fv2%2Fmedia&parent=815"}],"wp:term":[{"taxonomy":"product_brand","embeddable":true,"href":"https:\/\/wintertagtraum.at\/index.php?rest_route=%2Fwp%2Fv2%2Fproduct_brand&post=815"},{"taxonomy":"product_cat","embeddable":true,"href":"https:\/\/wintertagtraum.at\/index.php?rest_route=%2Fwp%2Fv2%2Fproduct_cat&post=815"},{"taxonomy":"product_tag","embeddable":true,"href":"https:\/\/wintertagtraum.at\/index.php?rest_route=%2Fwp%2Fv2%2Fproduct_tag&post=815"}],"curies":[{"name":"wp","href":"https:\/\/api.w.org\/{rel}","templated":true}]}}