{"id":2051,"date":"2025-12-30T11:56:01","date_gmt":"2025-12-30T10:56:01","guid":{"rendered":"https:\/\/wintertagtraum.at\/?post_type=product&#038;p=2051"},"modified":"2025-12-31T12:39:16","modified_gmt":"2025-12-31T11:39:16","slug":"deathmoth-merino-dk-set-100g-2x20g","status":"publish","type":"product","link":"https:\/\/wintertagtraum.at\/?product=deathmoth-merino-dk-set-100g-2x20g","title":{"rendered":"&#8222;Deathmoth&#8220;- Merino DK+ Set (100g + 2x20g)"},"content":{"rendered":"<p>Inspiriert vom <a href=\"https:\/\/www.ravelry.com\/patterns\/library\/death-moth-cowl\">Deathmoth Cowl von Bri Allen\u00a0<\/a>daf\u00fcr hab ich mir das Cover des Schweigens der L\u00e4mmer nochmal genau angeschaut und versucht die Farben der Mottenfl\u00fcgel auf Garn zu \u00fcbertragen. Fun Fact: Ich liebe den Film und hab ihn x-Mal gesehen und hab aber durch ihr Design und den F\u00e4rbeprozess daf\u00fcr erst verstanden, dass der Kimono von Buffalo Bill farblich an die Mottenfl\u00fcgel angelehnt ist &lt;3.<\/p>\n<ul>\n<li>Merino DK 100% Merino, 225m\/100g, superwash<\/li>\n<li>100g + 2x20g<\/li>\n<\/ul>\n<p>&nbsp;<\/p>\n<p>&nbsp;<\/p>\n<p>&nbsp;<\/p>\n","protected":false},"excerpt":{"rendered":"<p>Inspiriert vom Deathmoth Cowl von Bri Allen\u00a0daf\u00fcr hab ich mir das Cover des Schweigens der L\u00e4mmer nochmal genau angeschaut und versucht die Farben der Mottenfl\u00fcgel auf Garn zu \u00fcbertragen. Fun Fact: Ich liebe den Film und hab ihn x-Mal gesehen und hab aber durch ihr Design und den F\u00e4rbeprozess daf\u00fcr erst verstanden, dass der Kimono [&hellip;]<\/p>\n","protected":false},"featured_media":2052,"comment_status":"open","ping_status":"closed","template":"","meta":[],"product_brand":[],"product_cat":[55,17,18,78,28,31],"product_tag":[],"class_list":{"0":"post-2051","1":"product","2":"type-product","3":"status-publish","4":"has-post-thumbnail","6":"product_cat-dk","7":"product_cat-fingering","8":"product_cat-holidays_specials","9":"product_cat-merino-dk","10":"product_cat-minisets","11":"product_cat-sets","12":"product_shipping_class-medium","14":"first","15":"instock","16":"featured","17":"shipping-taxable","18":"product-type-simple"},"_links":{"self":[{"href":"https:\/\/wintertagtraum.at\/index.php?rest_route=\/wp\/v2\/product\/2051","targetHints":{"allow":["GET"]}}],"collection":[{"href":"https:\/\/wintertagtraum.at\/index.php?rest_route=\/wp\/v2\/product"}],"about":[{"href":"https:\/\/wintertagtraum.at\/index.php?rest_route=\/wp\/v2\/types\/product"}],"replies":[{"embeddable":true,"href":"https:\/\/wintertagtraum.at\/index.php?rest_route=%2Fwp%2Fv2%2Fcomments&post=2051"}],"wp:featuredmedia":[{"embeddable":true,"href":"https:\/\/wintertagtraum.at\/index.php?rest_route=\/wp\/v2\/media\/2052"}],"wp:attachment":[{"href":"https:\/\/wintertagtraum.at\/index.php?rest_route=%2Fwp%2Fv2%2Fmedia&parent=2051"}],"wp:term":[{"taxonomy":"product_brand","embeddable":true,"href":"https:\/\/wintertagtraum.at\/index.php?rest_route=%2Fwp%2Fv2%2Fproduct_brand&post=2051"},{"taxonomy":"product_cat","embeddable":true,"href":"https:\/\/wintertagtraum.at\/index.php?rest_route=%2Fwp%2Fv2%2Fproduct_cat&post=2051"},{"taxonomy":"product_tag","embeddable":true,"href":"https:\/\/wintertagtraum.at\/index.php?rest_route=%2Fwp%2Fv2%2Fproduct_tag&post=2051"}],"curies":[{"name":"wp","href":"https:\/\/api.w.org\/{rel}","templated":true}]}}