{"id":1993,"date":"2025-11-30T16:07:01","date_gmt":"2025-11-30T15:07:01","guid":{"rendered":"https:\/\/wintertagtraum.at\/?post_type=product&#038;p=1993"},"modified":"2025-12-29T21:40:43","modified_gmt":"2025-12-29T20:40:43","slug":"merry-catmas-calendar-2025-5x100g-vegan-base-mix","status":"publish","type":"product","link":"https:\/\/wintertagtraum.at\/?product=merry-catmas-calendar-2025-5x100g-vegan-base-mix","title":{"rendered":"&#8222;MERRY CATMAS&#8220; Calendar 2025 (5x100g) VEGAN BASE MIX"},"content":{"rendered":"<h2>Welches Thema verbirgt sich hinter Merry Catmas?<\/h2>\n<p class=\"cvGsUA direction-ltr align-center para-style-body\"><span class=\"OYPEnA font-feature-liga-off font-feature-clig-off font-feature-calt-off text-decoration-none text-strikethrough-none\">Dieses Jahr geht es um all die Situationen, die das Leben mit Katzen (und anderen Haustieren) rund um die Feiertage am Jahresende ganz besonders machen:<\/span><\/p>\n<p class=\"cvGsUA direction-ltr align-center para-style-body\"><span class=\"OYPEnA font-feature-liga-off font-feature-clig-off font-feature-calt-off text-decoration-none text-strikethrough-none\">Egal ob du Abw\u00e4gen musst ob du Lichterpracht mit Kerzen oder brennenden Katerschweif hast, \u00fcberlegst ob du wirklich die guten Glaskugeln in den Baum h\u00e4ngst, da die Katze sie mindestens genauso toll findet wie du&#8230;.jedoch von vorsichtigem Umgang nat\u00fcrlich noch nie etwas geh\u00f6rt hat und nat\u00fcrlich auch nicht davon, dass Katze von Adventssternen und Vanillekipferln die Pfoten lassen sollten.<\/span><\/p>\n<p class=\"cvGsUA direction-ltr align-center para-style-body\"><span class=\"OYPEnA font-feature-liga-off font-feature-clig-off font-feature-calt-off text-decoration-none text-strikethrough-none\">Diese kleinen Momente und das gro\u00dfe Chaos, dass daraus hervorgehen kann sind die Grundlage f\u00fcr die F\u00e4rbungen in diesem Kalender.<\/span><\/p>\n<h4>Was dich im Kalender erwartet:<\/h4>\n<ul>\n<li>5 x 100g Str\u00e4nge seperat verpackt<\/li>\n<li>1 x kleine \u00dcberraschung<\/li>\n<li>1 x 20g Mini und kleine \u00dcberraschung f\u00fcr Neujahr<\/li>\n<\/ul>\n<p>Was ihr nicht im Kalender finden werdet: z.B. Teebeutel, Snacks oder Duftkerzen etc.<\/p>\n<p>Dieses Jahr ist alles etwas reduzierter und ich versuch euch einfach tolle F\u00e4rbungen zu schaffen mit denen ihr hoffentlich viel Freude haben werdet. Dieses Jahr wird es zudem eine kleine Kalendervariante geben mit 20g Mini f\u00fcr jeden Sonntag im Dezember und so genug f\u00fcr ein sch\u00f6nes Socken oder Schalprojekt oder auch fein zum Verschenken.<\/p>\n<h4>Bases:<\/h4>\n<p><strong>ACHTUNG:<\/strong> In diesem Kalender ist mir ein Hoppala passiert. Einer der f\u00fcnf Str\u00e4nge aus diesem Kalender ist auf einer anderen Base, da ich beim F\u00e4rben nicht genau geschaut hab. Das hei\u00dft in diesem Kalenderset bekommst du<\/p>\n<ul>\n<li>4 x 100g Shiny Tencel Fingering 100% Tencel, 400m\/100g<\/li>\n<li>1 x 100g Pure Bamboo Fingering 100% Bambus 400m\/100g<\/li>\n<li>1x 20g Shiny Tencel Mini<\/li>\n<\/ul>\n<p>Beide Bases k\u00f6nnen super miteinander verarbeitet werden. Sie sind sich sehr \u00e4hnlich von ihrem Aussehen und der Haptik und haben auch diesselbe Laufl\u00e4nge mit 400m auf 100g. Du bekommst diesen Kalender aufgrund der Verwechslung beim F\u00e4rben um <strong>10 Euro reduziert.<\/strong><\/p>\n<p>Wenn du noch weitere Fragen hast &#8211; melde dich gerne unter nora@wintertagtraum.at<\/p>\n<h3>Welche Farben erwarten dich:<\/h3>\n<p>Farblich kannst du dich am Moodboard orientieren, es kann sein das auch ein paar Farbnuancen dazu kommen. Ich f\u00e4rbe den Kalender nicht als Fade, lege jedoch Wert darauf, dass die einzelnen Str\u00e4nge zueinander passen, falls du sie in einem Projekt kombinieren m\u00f6chtest.<\/p>\n<p>Daher arbeite ich eher mit Specklen und es wird nicht &#8222;Highly variegated&#8220; auch wenn die Str\u00e4nge deswegen nicht einfarbig sein m\u00fcssen \ud83d\ude09<\/p>\n<p>Wenn du zu deinem Kalender passend ein paar zus\u00e4tzliche semisolide bzw ruhigere Str\u00e4nge auf der gleichen Base m\u00f6chtest, kannst du entweder mir die Wahl \u00fcberlassen oder falls dir eine gewisse Farbe vorschwebt, kannst du diese \u00fcber &#8222;Dye on Demand&#8220; dazubestellen.<\/p>\n<h4>Warum Countdown Kalender und nicht Advent?<\/h4>\n<p>Ich bin ein Grinch. Ich find die Weihnachtszeit oft super stressig und z\u00e4hl eigentlich auch immer die Tage runter bis der ganze Trubel vorbei ist. Die Tage nach Weihnachten bis Neujahr mag ich jedoch sehr gerne.<\/p>\n<p>Deswegen hab ich mich daf\u00fcr entschieden, dass dieser Kalender ein Begleiter f\u00fcr den letzten Monat des Jahres sein soll und ja eigentlich nicht an einen christlichen Feiertagtag gekoppelt sein muss. Der Kalender soll f\u00fcr alle sein und nicht nur f\u00fcr Menschen, die Weihnachten feiern.<\/p>\n<p>Es gibt also f\u00fcr jeden Sonntag im Dezember einen 100g Strang und am 1.1.2026 noch ein kleines \u00dcberraschungspackerl damit du hoffentlich sehr gut ins Neue Jahr starten kannst.<\/p>\n<h4>Organisatorisches und was sonst noch wichtig ist<\/h4>\n<p>Der Versand erfolgt Mitte November, sodass der Kalender rechtzeitig zum 1. Dezember bei dir ist. Bitte den Kalender seperat bestellen und nicht mit einer anderen Bestellung kombinieren. Es sind bestimmte L\u00e4nder im Shopsystem voreingestellt, wenn das Land in dem du lebst dort nicht ausw\u00e4hlbar ist &#8211; schreib mir bitte eine Nachricht an nora@wintertagtraum.at<\/p>\n<p>Diese Garnkalender sind Sonderanfertigungen und daher vom Umtausch ausgeschlossen.<\/p>\n","protected":false},"excerpt":{"rendered":"<p>Welches Thema verbirgt sich hinter Merry Catmas? Dieses Jahr geht es um all die Situationen, die das Leben mit Katzen (und anderen Haustieren) rund um die Feiertage am Jahresende ganz besonders machen: Egal ob du Abw\u00e4gen musst ob du Lichterpracht mit Kerzen oder brennenden Katerschweif hast, \u00fcberlegst ob du wirklich die guten Glaskugeln in den [&hellip;]<\/p>\n","protected":false},"featured_media":1853,"comment_status":"open","ping_status":"closed","template":"","meta":[],"product_brand":[],"product_cat":[54,83,17,18,34],"product_tag":[],"class_list":{"0":"post-1993","1":"product","2":"type-product","3":"status-publish","4":"has-post-thumbnail","6":"product_cat-bamboo-fingering","7":"product_cat-calendar25","8":"product_cat-fingering","9":"product_cat-holidays_specials","10":"product_cat-vegan-friendly","11":"product_shipping_class-medium","13":"first","14":"instock","15":"sale","16":"featured","17":"shipping-taxable","18":"product-type-simple"},"_links":{"self":[{"href":"https:\/\/wintertagtraum.at\/index.php?rest_route=\/wp\/v2\/product\/1993","targetHints":{"allow":["GET"]}}],"collection":[{"href":"https:\/\/wintertagtraum.at\/index.php?rest_route=\/wp\/v2\/product"}],"about":[{"href":"https:\/\/wintertagtraum.at\/index.php?rest_route=\/wp\/v2\/types\/product"}],"replies":[{"embeddable":true,"href":"https:\/\/wintertagtraum.at\/index.php?rest_route=%2Fwp%2Fv2%2Fcomments&post=1993"}],"wp:featuredmedia":[{"embeddable":true,"href":"https:\/\/wintertagtraum.at\/index.php?rest_route=\/wp\/v2\/media\/1853"}],"wp:attachment":[{"href":"https:\/\/wintertagtraum.at\/index.php?rest_route=%2Fwp%2Fv2%2Fmedia&parent=1993"}],"wp:term":[{"taxonomy":"product_brand","embeddable":true,"href":"https:\/\/wintertagtraum.at\/index.php?rest_route=%2Fwp%2Fv2%2Fproduct_brand&post=1993"},{"taxonomy":"product_cat","embeddable":true,"href":"https:\/\/wintertagtraum.at\/index.php?rest_route=%2Fwp%2Fv2%2Fproduct_cat&post=1993"},{"taxonomy":"product_tag","embeddable":true,"href":"https:\/\/wintertagtraum.at\/index.php?rest_route=%2Fwp%2Fv2%2Fproduct_tag&post=1993"}],"curies":[{"name":"wp","href":"https:\/\/api.w.org\/{rel}","templated":true}]}}