{"id":1986,"date":"2025-11-24T11:03:26","date_gmt":"2025-11-24T10:03:26","guid":{"rendered":"https:\/\/wintertagtraum.at\/?post_type=product&#038;p=1986"},"modified":"2025-12-29T21:40:43","modified_gmt":"2025-12-29T20:40:43","slug":"holiday-spirited-away-countdown-calendar-bnb-sock-5-x-100g","status":"publish","type":"product","link":"https:\/\/wintertagtraum.at\/?product=holiday-spirited-away-countdown-calendar-bnb-sock-5-x-100g","title":{"rendered":"&#8222;Holiday Spirited Away&#8220; Countdown Calendar B&#8217;n&#8217;B-Sock 5 x 100g"},"content":{"rendered":"<p>Dieses Set entspricht dem Countdown-Calendar des Vorjahres und besteht aus folgenden Str\u00e4ngen:<\/p>\n<ul>\n<li>5x100g<\/li>\n<li>1x20g<\/li>\n<li>B&#8217;n&#8217;B Sock 80% Blue Faced Leicester 20% Bambus 400m\/100g, superwash<\/li>\n<\/ul>\n<p>Die Str\u00e4nge sind nicht seperat verpackt &#8211; wenn du das gerne m\u00f6chtest, ist das gegen einen kleinen Aufpreis gerne m\u00f6glich.<\/p>\n","protected":false},"excerpt":{"rendered":"<p>Dieses Set entspricht dem Countdown-Calendar des Vorjahres und besteht aus folgenden Str\u00e4ngen: 5x100g 1x20g B&#8217;n&#8217;B Sock 80% Blue Faced Leicester 20% Bambus 400m\/100g, superwash Die Str\u00e4nge sind nicht seperat verpackt &#8211; wenn du das gerne m\u00f6chtest, ist das gegen einen kleinen Aufpreis gerne m\u00f6glich.<\/p>\n","protected":false},"featured_media":1397,"comment_status":"open","ping_status":"closed","template":"","meta":[],"product_brand":[],"product_cat":[40,54,55,17,18,63,29,34],"product_tag":[],"class_list":{"0":"post-1986","1":"product","2":"type-product","3":"status-publish","4":"has-post-thumbnail","6":"product_cat-bnb-sock","7":"product_cat-bamboo-fingering","8":"product_cat-dk","9":"product_cat-fingering","10":"product_cat-holidays_specials","11":"product_cat-sale","12":"product_cat-softsock","13":"product_cat-vegan-friendly","14":"product_shipping_class-medium","16":"first","17":"instock","18":"featured","19":"shipping-taxable","20":"product-type-simple"},"_links":{"self":[{"href":"https:\/\/wintertagtraum.at\/index.php?rest_route=\/wp\/v2\/product\/1986","targetHints":{"allow":["GET"]}}],"collection":[{"href":"https:\/\/wintertagtraum.at\/index.php?rest_route=\/wp\/v2\/product"}],"about":[{"href":"https:\/\/wintertagtraum.at\/index.php?rest_route=\/wp\/v2\/types\/product"}],"replies":[{"embeddable":true,"href":"https:\/\/wintertagtraum.at\/index.php?rest_route=%2Fwp%2Fv2%2Fcomments&post=1986"}],"wp:featuredmedia":[{"embeddable":true,"href":"https:\/\/wintertagtraum.at\/index.php?rest_route=\/wp\/v2\/media\/1397"}],"wp:attachment":[{"href":"https:\/\/wintertagtraum.at\/index.php?rest_route=%2Fwp%2Fv2%2Fmedia&parent=1986"}],"wp:term":[{"taxonomy":"product_brand","embeddable":true,"href":"https:\/\/wintertagtraum.at\/index.php?rest_route=%2Fwp%2Fv2%2Fproduct_brand&post=1986"},{"taxonomy":"product_cat","embeddable":true,"href":"https:\/\/wintertagtraum.at\/index.php?rest_route=%2Fwp%2Fv2%2Fproduct_cat&post=1986"},{"taxonomy":"product_tag","embeddable":true,"href":"https:\/\/wintertagtraum.at\/index.php?rest_route=%2Fwp%2Fv2%2Fproduct_tag&post=1986"}],"curies":[{"name":"wp","href":"https:\/\/api.w.org\/{rel}","templated":true}]}}