{"id":1974,"date":"2025-11-06T21:09:42","date_gmt":"2025-11-06T20:09:42","guid":{"rendered":"https:\/\/wintertagtraum.at\/?post_type=product&#038;p=1974"},"modified":"2025-12-31T12:40:08","modified_gmt":"2025-12-31T11:40:08","slug":"merry-catmas-mini-countdown-calendar-2025-5x20g-2","status":"publish","type":"product","link":"https:\/\/wintertagtraum.at\/?product=merry-catmas-mini-countdown-calendar-2025-5x20g-2","title":{"rendered":"&#8222;Stitchy CATMAS&#8220; Embroidery Calendar 2025 (5x3g)"},"content":{"rendered":"<h2>Welches Thema verbirgt sich hinter Merry Catmas?<\/h2>\n<p class=\"cvGsUA direction-ltr align-center para-style-body\"><span class=\"OYPEnA font-feature-liga-off font-feature-clig-off font-feature-calt-off text-decoration-none text-strikethrough-none\">Dieses Jahr geht es um all die Situationen, die das Leben mit Katzen (und anderen Haustieren) rund um die Feiertage am Jahresende ganz besonders machen:<\/span><\/p>\n<p class=\"cvGsUA direction-ltr align-center para-style-body\"><span class=\"OYPEnA font-feature-liga-off font-feature-clig-off font-feature-calt-off text-decoration-none text-strikethrough-none\">Egal ob du Abw\u00e4gen musst ob du Lichterpracht mit Kerzen oder brennenden Katerschweif hast, \u00fcberlegst ob du wirklich die guten Glaskugeln in den Baum h\u00e4ngst, da die Katze sie mindestens genauso toll findet wie du&#8230;.jedoch von vorsichtigem Umgang nat\u00fcrlich noch nie etwas geh\u00f6rt hat und nat\u00fcrlich auch nicht davon, dass Katze von Adventssternen und Vanillekipferln die Pfoten lassen sollten.<\/span><\/p>\n<p class=\"cvGsUA direction-ltr align-center para-style-body\"><span class=\"OYPEnA font-feature-liga-off font-feature-clig-off font-feature-calt-off text-decoration-none text-strikethrough-none\">Diese kleinen Momente und das gro\u00dfe Chaos, dass daraus hervorgehen kann sind die Grundlage f\u00fcr die F\u00e4rbungen in diesem Kalender.<\/span><\/p>\n<h4>Was dich im Kalender erwartet:<\/h4>\n<ul>\n<li>5 x 3g Stickgarn 100% Cupro, seperat verpackt<\/li>\n<li>1 x kleine \u00dcberraschung<\/li>\n<\/ul>\n<p>Was ihr nicht im Kalender finden werdet: z.B. Teebeutel, Snacks oder Duftkerzen etc.<\/p>\n<p>In der Stickgarn-Kalendervariante gibt es einen 3g Strang f\u00fcr jeden Sonntag im Dezember. Wenn du den Kalender verschenken m\u00f6chtest und ich dabei etwas besonderes beachten soll, schreib mir das bitte bei der Bestellung dazu.<\/p>\n<h4>Welche Farben erwarten dich:<\/h4>\n<p>Farblich kannst du dich am Moodboard orientieren, es kann sein das auch ein paar Farbnuancen dazu kommen. Ich f\u00e4rbe den Kalender nicht als Fade, lege jedoch Wert darauf, dass die einzelnen Str\u00e4nge zueinander passen, falls du sie in einem Projekt kombinieren m\u00f6chtest.<\/p>\n<p>Daher arbeite ich eher mit Specklen und es wird nicht &#8222;Highly variegated&#8220; auch wenn die Str\u00e4nge deswegen nicht einfarbig sein m\u00fcssen \ud83d\ude09<\/p>\n<h4>Warum Countdown Kalender und nicht Advent?<\/h4>\n<p>Ich bin ein Grinch. Ich find die Weihnachtszeit oft super stressig und z\u00e4hl eigentlich auch immer die Tage runter bis der ganze Trubel vorbei ist. Die Tage nach Weihnachten bis Neujahr mag ich jedoch sehr gerne.<\/p>\n<p>Deswegen hab ich mich daf\u00fcr entschieden, dass dieser Kalender ein Begleiter f\u00fcr den letzten Monat des Jahres sein soll und ja eigentlich nicht an einen christlichen Feiertagtag gekoppelt sein muss. Der Kalender soll f\u00fcr alle sein und nicht nur f\u00fcr Menschen, die Weihnachten feiern.<\/p>\n<p>Es gibt also f\u00fcr jeden Sonntag im Dezember einen 100g Strang und am 1.1.2026 noch ein kleines \u00dcberraschungspackerl damit du hoffentlich sehr gut ins Neue Jahr starten kannst.<\/p>\n<h4>Organisatorisches und was sonst noch wichtig ist<\/h4>\n<p>Der Versand erfolgt Mitte November, sodass der Kalender rechtzeitig zum 1. Dezember bei dir ist. Bitte den Kalender seperat bestellen und nicht mit einer anderen Bestellung kombinieren. Es sind bestimmte L\u00e4nder im Shopsystem voreingestellt, wenn das Land in dem du lebst dort nicht ausw\u00e4hlbar ist &#8211; schreib mir bitte eine Nachricht an nora@wintertagtraum.at<\/p>\n<p>Diese Garnkalender sind Sonderanfertigungen und daher vom Umtausch ausgeschlossen.<\/p>\n","protected":false},"excerpt":{"rendered":"<p>Welches Thema verbirgt sich hinter Merry Catmas? Dieses Jahr geht es um all die Situationen, die das Leben mit Katzen (und anderen Haustieren) rund um die Feiertage am Jahresende ganz besonders machen: Egal ob du Abw\u00e4gen musst ob du Lichterpracht mit Kerzen oder brennenden Katerschweif hast, \u00fcberlegst ob du wirklich die guten Glaskugeln in den [&hellip;]<\/p>\n","protected":false},"featured_media":1853,"comment_status":"open","ping_status":"closed","template":"","meta":[],"product_brand":[],"product_cat":[83,61,18,34],"product_tag":[],"class_list":{"0":"post-1974","1":"product","2":"type-product","3":"status-publish","4":"has-post-thumbnail","6":"product_cat-calendar25","7":"product_cat-embroidery","8":"product_cat-holidays_specials","9":"product_cat-vegan-friendly","11":"first","12":"instock","13":"featured","14":"shipping-taxable","15":"product-type-simple"},"_links":{"self":[{"href":"https:\/\/wintertagtraum.at\/index.php?rest_route=\/wp\/v2\/product\/1974","targetHints":{"allow":["GET"]}}],"collection":[{"href":"https:\/\/wintertagtraum.at\/index.php?rest_route=\/wp\/v2\/product"}],"about":[{"href":"https:\/\/wintertagtraum.at\/index.php?rest_route=\/wp\/v2\/types\/product"}],"replies":[{"embeddable":true,"href":"https:\/\/wintertagtraum.at\/index.php?rest_route=%2Fwp%2Fv2%2Fcomments&post=1974"}],"wp:featuredmedia":[{"embeddable":true,"href":"https:\/\/wintertagtraum.at\/index.php?rest_route=\/wp\/v2\/media\/1853"}],"wp:attachment":[{"href":"https:\/\/wintertagtraum.at\/index.php?rest_route=%2Fwp%2Fv2%2Fmedia&parent=1974"}],"wp:term":[{"taxonomy":"product_brand","embeddable":true,"href":"https:\/\/wintertagtraum.at\/index.php?rest_route=%2Fwp%2Fv2%2Fproduct_brand&post=1974"},{"taxonomy":"product_cat","embeddable":true,"href":"https:\/\/wintertagtraum.at\/index.php?rest_route=%2Fwp%2Fv2%2Fproduct_cat&post=1974"},{"taxonomy":"product_tag","embeddable":true,"href":"https:\/\/wintertagtraum.at\/index.php?rest_route=%2Fwp%2Fv2%2Fproduct_tag&post=1974"}],"curies":[{"name":"wp","href":"https:\/\/api.w.org\/{rel}","templated":true}]}}