{"id":1795,"date":"2025-03-12T08:30:13","date_gmt":"2025-03-12T07:30:13","guid":{"rendered":"https:\/\/wintertagtraum.at\/?post_type=product&#038;p=1795"},"modified":"2025-12-29T21:41:01","modified_gmt":"2025-12-29T20:41:01","slug":"spring-cruise-o-o-a-crew-vanilla-sock-set","status":"publish","type":"product","link":"https:\/\/wintertagtraum.at\/?product=spring-cruise-o-o-a-crew-vanilla-sock-set","title":{"rendered":"&#8222;Spring Cruise &#8211; O.O.A.Crew &#8222;- Vanilla Sock Set"},"content":{"rendered":"<div class=\"ujudUb WRZytc\">\n<p>Jede Crew ist anders, anders toll. Es gibt immer wieder <strong>One Of A Kind Str\u00e4nge<\/strong>, da sie oft super zusammen passen und als Team oder Crew funktionieren, gibt es sie hier als Set.<\/p>\n<p id=\"and-as-for-myself-my-name-is-scanlan-the-man-with-the-fat-purple-hand-my-music-s-the-jam-goin-ham-ya-can-t-stand-it-get-some-water-hide-your-daughters\">Vanilla Sock (75% Merino, 25% Polyamid, 425m\/100g)<\/p>\n<\/div>\n<ul>\n<li>1x 50g Strang<\/li>\n<li>3x 20g Minis<\/li>\n<\/ul>\n<p>Ich versende EU-weit, kann jedoch im Shop nicht automatisch alle L\u00e4nder anlegen und wenn du dein Heimatland nicht ausw\u00e4hlen kannst schreib mir bitte. Dann check ich die Versandoptionen und auch Kosten und erg\u00e4nze das im Shop.<\/p>\n","protected":false},"excerpt":{"rendered":"<p>Jede Crew ist anders, anders toll. Es gibt immer wieder One Of A Kind Str\u00e4nge, da sie oft super zusammen passen und als Team oder Crew funktionieren, gibt es sie hier als Set. Vanilla Sock (75% Merino, 25% Polyamid, 425m\/100g) 1x 50g Strang 3x 20g Minis Ich versende EU-weit, kann jedoch im Shop nicht automatisch [&hellip;]<\/p>\n","protected":false},"featured_media":1800,"comment_status":"open","ping_status":"closed","template":"","meta":[],"product_brand":[],"product_cat":[17,36,72],"product_tag":[],"class_list":{"0":"post-1795","1":"product","2":"type-product","3":"status-publish","4":"has-post-thumbnail","6":"product_cat-fingering","7":"product_cat-gnomesets","8":"product_cat-vanilla-sock","10":"first","11":"instock","12":"shipping-taxable","13":"product-type-simple"},"_links":{"self":[{"href":"https:\/\/wintertagtraum.at\/index.php?rest_route=\/wp\/v2\/product\/1795","targetHints":{"allow":["GET"]}}],"collection":[{"href":"https:\/\/wintertagtraum.at\/index.php?rest_route=\/wp\/v2\/product"}],"about":[{"href":"https:\/\/wintertagtraum.at\/index.php?rest_route=\/wp\/v2\/types\/product"}],"replies":[{"embeddable":true,"href":"https:\/\/wintertagtraum.at\/index.php?rest_route=%2Fwp%2Fv2%2Fcomments&post=1795"}],"wp:featuredmedia":[{"embeddable":true,"href":"https:\/\/wintertagtraum.at\/index.php?rest_route=\/wp\/v2\/media\/1800"}],"wp:attachment":[{"href":"https:\/\/wintertagtraum.at\/index.php?rest_route=%2Fwp%2Fv2%2Fmedia&parent=1795"}],"wp:term":[{"taxonomy":"product_brand","embeddable":true,"href":"https:\/\/wintertagtraum.at\/index.php?rest_route=%2Fwp%2Fv2%2Fproduct_brand&post=1795"},{"taxonomy":"product_cat","embeddable":true,"href":"https:\/\/wintertagtraum.at\/index.php?rest_route=%2Fwp%2Fv2%2Fproduct_cat&post=1795"},{"taxonomy":"product_tag","embeddable":true,"href":"https:\/\/wintertagtraum.at\/index.php?rest_route=%2Fwp%2Fv2%2Fproduct_tag&post=1795"}],"curies":[{"name":"wp","href":"https:\/\/api.w.org\/{rel}","templated":true}]}}