{"id":1379,"date":"2024-05-03T20:15:29","date_gmt":"2024-05-03T18:15:29","guid":{"rendered":"https:\/\/wintertagtraum.at\/?post_type=product&#038;p=1379"},"modified":"2025-12-29T21:41:38","modified_gmt":"2025-12-29T20:41:38","slug":"ccyc-vol-3-purrfect-past-jiji-soft-sock","status":"publish","type":"product","link":"https:\/\/wintertagtraum.at\/?product=ccyc-vol-3-purrfect-past-jiji-soft-sock","title":{"rendered":"CCYC-Vol.:3 &#8222;Purrfect Past: Jiji &#8220; &#8211; Soft Sock"},"content":{"rendered":"<blockquote>\n<p class=\"_ap3a _aaco _aacu _aacx _aad7 _aade\" dir=\"auto\">\u201eMan k\u00f6nnte meinen, sie h\u00e4tten noch nie ein M\u00e4dchen und eine Katze auf einem Besenstiel gesehen.\u201c \u2013 Jiji \/ Kikis kleiner Lieferservice von Studio Ghibli<\/p>\n<\/blockquote>\n<p>Base &#8222;Soft Sock&#8220;<\/p>\n<ul>\n<li>80% Merino \/ 20% Polyamid<\/li>\n<li>Hightwist<\/li>\n<li>superwash<\/li>\n<li>365m\/100g<\/li>\n<\/ul>\n<p>Dieses Set stammt aus Volume 3 des Cozy Catlady Yarn Clubs &#8222;Purrfect Past&#8220; und ist die F\u00e4rbung von Mai 2024 Ich f\u00e4rbe f\u00fcr Clubs oder bei Adventskalendern immer ein bisschen auf Reserve.<\/p>\n<p>Nachdem alle F\u00e4rbungen nun enth\u00fcllt wurden, dachte ich mir ich stell sie euch auch einzeln in den Shop.<\/p>\n","protected":false},"excerpt":{"rendered":"<p>\u201eMan k\u00f6nnte meinen, sie h\u00e4tten noch nie ein M\u00e4dchen und eine Katze auf einem Besenstiel gesehen.\u201c \u2013 Jiji \/ Kikis kleiner Lieferservice von Studio Ghibli Base &#8222;Soft Sock&#8220; 80% Merino \/ 20% Polyamid Hightwist superwash 365m\/100g Dieses Set stammt aus Volume 3 des Cozy Catlady Yarn Clubs &#8222;Purrfect Past&#8220; und ist die F\u00e4rbung von Mai [&hellip;]<\/p>\n","protected":false},"featured_media":1126,"comment_status":"open","ping_status":"closed","template":"","meta":[],"product_brand":[],"product_cat":[38,17,63,19,29,59],"product_tag":[],"class_list":{"0":"post-1379","1":"product","2":"type-product","3":"status-publish","4":"has-post-thumbnail","6":"product_cat-cozycatladyyarnclub","7":"product_cat-fingering","8":"product_cat-sale","9":"product_cat-sock-sets","10":"product_cat-softsock","11":"product_cat-purrfect-past","13":"first","14":"instock","15":"sale","16":"shipping-taxable","17":"product-type-simple"},"_links":{"self":[{"href":"https:\/\/wintertagtraum.at\/index.php?rest_route=\/wp\/v2\/product\/1379","targetHints":{"allow":["GET"]}}],"collection":[{"href":"https:\/\/wintertagtraum.at\/index.php?rest_route=\/wp\/v2\/product"}],"about":[{"href":"https:\/\/wintertagtraum.at\/index.php?rest_route=\/wp\/v2\/types\/product"}],"replies":[{"embeddable":true,"href":"https:\/\/wintertagtraum.at\/index.php?rest_route=%2Fwp%2Fv2%2Fcomments&post=1379"}],"wp:featuredmedia":[{"embeddable":true,"href":"https:\/\/wintertagtraum.at\/index.php?rest_route=\/wp\/v2\/media\/1126"}],"wp:attachment":[{"href":"https:\/\/wintertagtraum.at\/index.php?rest_route=%2Fwp%2Fv2%2Fmedia&parent=1379"}],"wp:term":[{"taxonomy":"product_brand","embeddable":true,"href":"https:\/\/wintertagtraum.at\/index.php?rest_route=%2Fwp%2Fv2%2Fproduct_brand&post=1379"},{"taxonomy":"product_cat","embeddable":true,"href":"https:\/\/wintertagtraum.at\/index.php?rest_route=%2Fwp%2Fv2%2Fproduct_cat&post=1379"},{"taxonomy":"product_tag","embeddable":true,"href":"https:\/\/wintertagtraum.at\/index.php?rest_route=%2Fwp%2Fv2%2Fproduct_tag&post=1379"}],"curies":[{"name":"wp","href":"https:\/\/api.w.org\/{rel}","templated":true}]}}