{"id":1328,"date":"2024-04-21T11:10:38","date_gmt":"2024-04-21T09:10:38","guid":{"rendered":"https:\/\/wintertagtraum.at\/?post_type=product&#038;p=1328"},"modified":"2025-12-29T21:41:39","modified_gmt":"2025-12-29T20:41:39","slug":"free-rose-against-violence-set","status":"publish","type":"product","link":"https:\/\/wintertagtraum.at\/?product=free-rose-against-violence-set","title":{"rendered":"Free: Rose against Violence Set"},"content":{"rendered":"<p>Das Projekt &#8222;Roses against Violence&#8220; soll domestizierte und partnerschafltiche Gewalt und das Thema Femizid in den Alltag bringen. Daf\u00fcr werden kleine Rosen aus violettem Garn geh\u00e4kelt und vorallem in \u00f6ffentlichen R\u00e4umen verteilt.<\/p>\n<p>Mehr Informationen \u00fcber das Projekt findest du hier.<\/p>\n<p>Du kannst daf\u00fcr jede Anleitung verwenden aber hier ein paar Ideen f\u00fcr dich:<\/p>\n<p>&nbsp;<\/p>\n<p>Ich w\u00fcnschte ich h\u00e4tte keinen pers\u00f6nlichen Bezug zu dem Thema aber das Kapitel gibts in meiner Historie und damit bin ich leider nicht die Ausnahme. Deswegen m\u00f6chte ich gerne das Projekt unterst\u00fctzen und helfen es zu verbreiten und dieses Add on zu deiner Bestellung ist f\u00fcr dich absolut kostenfrei.<\/p>\n<p>Ich lege dir eine kleine Menge eines violetten Garns und die passende kleine Karte, sodass du die Rose h\u00e4keln und dann an einem Ort deiner Wahl platzieren kannst.<\/p>\n<p>Da ich wei\u00df, dass es ein sensibles Thema ist, das auch triggern kann gibts das Set f\u00fcr eine Rose nicht automatisch zu jeder Bestellung, sondern wenn du m\u00f6chtest, leg einfach diesen Artikel hier in deinen Warenkorb. Falls du magst w\u00fcrd ich mich \u00fcber ein Foto sehr freuen aber das ist nat\u00fcrlich kein Muss \ud83d\ude42<\/p>\n","protected":false},"excerpt":{"rendered":"<p>Das Projekt &#8222;Roses against Violence&#8220; soll domestizierte und partnerschafltiche Gewalt und das Thema Femizid in den Alltag bringen. Daf\u00fcr werden kleine Rosen aus violettem Garn geh\u00e4kelt und vorallem in \u00f6ffentlichen R\u00e4umen verteilt. Mehr Informationen \u00fcber das Projekt findest du hier. Du kannst daf\u00fcr jede Anleitung verwenden aber hier ein paar Ideen f\u00fcr dich: &nbsp; Ich [&hellip;]<\/p>\n","protected":false},"featured_media":1339,"comment_status":"open","ping_status":"closed","template":"","meta":[],"product_brand":[],"product_cat":[17,58],"product_tag":[],"class_list":{"0":"post-1328","1":"product","2":"type-product","3":"status-publish","4":"has-post-thumbnail","6":"product_cat-fingering","7":"product_cat-nice-things","9":"first","10":"instock","11":"shipping-taxable","12":"product-type-simple"},"_links":{"self":[{"href":"https:\/\/wintertagtraum.at\/index.php?rest_route=\/wp\/v2\/product\/1328","targetHints":{"allow":["GET"]}}],"collection":[{"href":"https:\/\/wintertagtraum.at\/index.php?rest_route=\/wp\/v2\/product"}],"about":[{"href":"https:\/\/wintertagtraum.at\/index.php?rest_route=\/wp\/v2\/types\/product"}],"replies":[{"embeddable":true,"href":"https:\/\/wintertagtraum.at\/index.php?rest_route=%2Fwp%2Fv2%2Fcomments&post=1328"}],"wp:featuredmedia":[{"embeddable":true,"href":"https:\/\/wintertagtraum.at\/index.php?rest_route=\/wp\/v2\/media\/1339"}],"wp:attachment":[{"href":"https:\/\/wintertagtraum.at\/index.php?rest_route=%2Fwp%2Fv2%2Fmedia&parent=1328"}],"wp:term":[{"taxonomy":"product_brand","embeddable":true,"href":"https:\/\/wintertagtraum.at\/index.php?rest_route=%2Fwp%2Fv2%2Fproduct_brand&post=1328"},{"taxonomy":"product_cat","embeddable":true,"href":"https:\/\/wintertagtraum.at\/index.php?rest_route=%2Fwp%2Fv2%2Fproduct_cat&post=1328"},{"taxonomy":"product_tag","embeddable":true,"href":"https:\/\/wintertagtraum.at\/index.php?rest_route=%2Fwp%2Fv2%2Fproduct_tag&post=1328"}],"curies":[{"name":"wp","href":"https:\/\/api.w.org\/{rel}","templated":true}]}}