{"id":1315,"date":"2024-04-08T17:14:56","date_gmt":"2024-04-08T15:14:56","guid":{"rendered":"https:\/\/wintertagtraum.at\/?post_type=product&#038;p=1315"},"modified":"2025-12-29T21:41:39","modified_gmt":"2025-12-29T20:41:39","slug":"ccyc-vol-3-purrfect-past-nero-corleone-cozy-sock","status":"publish","type":"product","link":"https:\/\/wintertagtraum.at\/?product=ccyc-vol-3-purrfect-past-nero-corleone-cozy-sock","title":{"rendered":"CCYC-Vol.:3 &#8222;Purrfect Past: Nero Corleone &#8220; &#8211; Cozy Sock"},"content":{"rendered":"<blockquote><p>\u201c<em>Die Verpflegung war gut, die Zuneigung gro\u00df, und vielleicht gab es in K\u00f6ln am Rhein auch Heu, in dem man schlafen konnte<\/em>\u201c, tr\u00e4umt Nero und schlie\u00dft sich den Urlaubern Robert und Isolde gleich mit seiner Rosa an.(Elke Heidenreich &#8211; Nero Corleone)<\/p><\/blockquote>\n<p>Base &#8222;Cozy Sock&#8220;<\/p>\n<ul>\n<li>75% Merino \/ 25% Polyamid<\/li>\n<li>superwash<\/li>\n<li>400m\/100g<\/li>\n<\/ul>\n<p>Dieses Set stammt aus Volume 3 des Cozy Catlady Yarn Clubs &#8222;Purrfect Past&#8220; und ist die F\u00e4rbung von M\u00e4rz 2024 Ich f\u00e4rbe f\u00fcr Clubs oder bei Adventskalendern immer ein bisschen auf Reserve.<\/p>\n<p>Nachdem alle F\u00e4rbungen nun enth\u00fcllt wurden, dachte ich mir ich stell sie euch auch einzeln in den Shop.<\/p>\n","protected":false},"excerpt":{"rendered":"<p>\u201cDie Verpflegung war gut, die Zuneigung gro\u00df, und vielleicht gab es in K\u00f6ln am Rhein auch Heu, in dem man schlafen konnte\u201c, tr\u00e4umt Nero und schlie\u00dft sich den Urlaubern Robert und Isolde gleich mit seiner Rosa an.(Elke Heidenreich &#8211; Nero Corleone) Base &#8222;Cozy Sock&#8220; 75% Merino \/ 25% Polyamid superwash 400m\/100g Dieses Set stammt aus [&hellip;]<\/p>\n","protected":false},"featured_media":1318,"comment_status":"open","ping_status":"closed","template":"","meta":[],"product_brand":[],"product_cat":[38,41,17,63,19,59],"product_tag":[],"class_list":{"0":"post-1315","1":"product","2":"type-product","3":"status-publish","4":"has-post-thumbnail","6":"product_cat-cozycatladyyarnclub","7":"product_cat-cozy-sock","8":"product_cat-fingering","9":"product_cat-sale","10":"product_cat-sock-sets","11":"product_cat-purrfect-past","13":"first","14":"instock","15":"sale","16":"shipping-taxable","17":"product-type-simple"},"_links":{"self":[{"href":"https:\/\/wintertagtraum.at\/index.php?rest_route=\/wp\/v2\/product\/1315","targetHints":{"allow":["GET"]}}],"collection":[{"href":"https:\/\/wintertagtraum.at\/index.php?rest_route=\/wp\/v2\/product"}],"about":[{"href":"https:\/\/wintertagtraum.at\/index.php?rest_route=\/wp\/v2\/types\/product"}],"replies":[{"embeddable":true,"href":"https:\/\/wintertagtraum.at\/index.php?rest_route=%2Fwp%2Fv2%2Fcomments&post=1315"}],"wp:featuredmedia":[{"embeddable":true,"href":"https:\/\/wintertagtraum.at\/index.php?rest_route=\/wp\/v2\/media\/1318"}],"wp:attachment":[{"href":"https:\/\/wintertagtraum.at\/index.php?rest_route=%2Fwp%2Fv2%2Fmedia&parent=1315"}],"wp:term":[{"taxonomy":"product_brand","embeddable":true,"href":"https:\/\/wintertagtraum.at\/index.php?rest_route=%2Fwp%2Fv2%2Fproduct_brand&post=1315"},{"taxonomy":"product_cat","embeddable":true,"href":"https:\/\/wintertagtraum.at\/index.php?rest_route=%2Fwp%2Fv2%2Fproduct_cat&post=1315"},{"taxonomy":"product_tag","embeddable":true,"href":"https:\/\/wintertagtraum.at\/index.php?rest_route=%2Fwp%2Fv2%2Fproduct_tag&post=1315"}],"curies":[{"name":"wp","href":"https:\/\/api.w.org\/{rel}","templated":true}]}}