{"id":1255,"date":"2024-03-12T19:31:37","date_gmt":"2024-03-12T18:31:37","guid":{"rendered":"https:\/\/wintertagtraum.at\/?post_type=product&#038;p=1255"},"modified":"2025-12-29T21:41:57","modified_gmt":"2025-12-29T20:41:57","slug":"merryberry-flax-sock-2","status":"publish","type":"product","link":"https:\/\/wintertagtraum.at\/?product=merryberry-flax-sock-2","title":{"rendered":"&#8222;Ax the Pink Tax&#8220;- Flax Sock"},"content":{"rendered":"<div>\n<ul>\n<li>85% Wolle \/ 15% Leinen<\/li>\n<li>Schurwolle von der Schw\u00e4bischen Alb in einer Mischung mit Leinen aus franz\u00f6sischem Anbau<\/li>\n<li>superwash<\/li>\n<li>400m\/100g<\/li>\n<\/ul>\n<\/div>\n<div>Diese Garn ist ein Kollaboration aus drei L\u00e4ndern: Die Schurwolle stammt von Schafen auf der Schw\u00e4bischen Alb(Sch\u00e4ferei Stotz) und wird mit Leinen aus franz\u00f6sischem Anbau gemischt und von mir im S\u00fcden von \u00d6sterreich gef\u00e4rbt.<\/div>\n","protected":false},"excerpt":{"rendered":"<p>85% Wolle \/ 15% Leinen Schurwolle von der Schw\u00e4bischen Alb in einer Mischung mit Leinen aus franz\u00f6sischem Anbau superwash 400m\/100g Diese Garn ist ein Kollaboration aus drei L\u00e4ndern: Die Schurwolle stammt von Schafen auf der Schw\u00e4bischen Alb(Sch\u00e4ferei Stotz) und wird mit Leinen aus franz\u00f6sischem Anbau gemischt und von mir im S\u00fcden von \u00d6sterreich gef\u00e4rbt.<\/p>\n","protected":false},"featured_media":1260,"comment_status":"open","ping_status":"closed","template":"","meta":[],"product_brand":[],"product_cat":[37,17,42,63],"product_tag":[],"class_list":{"0":"post-1255","1":"product","2":"type-product","3":"status-publish","4":"has-post-thumbnail","6":"product_cat-plasticfree","7":"product_cat-fingering","8":"product_cat-flax-sock","9":"product_cat-sale","11":"first","12":"instock","13":"sale","14":"shipping-taxable","15":"product-type-simple"},"_links":{"self":[{"href":"https:\/\/wintertagtraum.at\/index.php?rest_route=\/wp\/v2\/product\/1255","targetHints":{"allow":["GET"]}}],"collection":[{"href":"https:\/\/wintertagtraum.at\/index.php?rest_route=\/wp\/v2\/product"}],"about":[{"href":"https:\/\/wintertagtraum.at\/index.php?rest_route=\/wp\/v2\/types\/product"}],"replies":[{"embeddable":true,"href":"https:\/\/wintertagtraum.at\/index.php?rest_route=%2Fwp%2Fv2%2Fcomments&post=1255"}],"wp:featuredmedia":[{"embeddable":true,"href":"https:\/\/wintertagtraum.at\/index.php?rest_route=\/wp\/v2\/media\/1260"}],"wp:attachment":[{"href":"https:\/\/wintertagtraum.at\/index.php?rest_route=%2Fwp%2Fv2%2Fmedia&parent=1255"}],"wp:term":[{"taxonomy":"product_brand","embeddable":true,"href":"https:\/\/wintertagtraum.at\/index.php?rest_route=%2Fwp%2Fv2%2Fproduct_brand&post=1255"},{"taxonomy":"product_cat","embeddable":true,"href":"https:\/\/wintertagtraum.at\/index.php?rest_route=%2Fwp%2Fv2%2Fproduct_cat&post=1255"},{"taxonomy":"product_tag","embeddable":true,"href":"https:\/\/wintertagtraum.at\/index.php?rest_route=%2Fwp%2Fv2%2Fproduct_tag&post=1255"}],"curies":[{"name":"wp","href":"https:\/\/api.w.org\/{rel}","templated":true}]}}