{"id":1254,"date":"2024-03-12T19:30:20","date_gmt":"2024-03-12T18:30:20","guid":{"rendered":"https:\/\/wintertagtraum.at\/?post_type=product&#038;p=1254"},"modified":"2025-12-29T21:41:57","modified_gmt":"2025-12-29T20:41:57","slug":"merryberry-flax-sock-3","status":"publish","type":"product","link":"https:\/\/wintertagtraum.at\/?product=merryberry-flax-sock-3","title":{"rendered":"&#8222;Lavender Haze&#8220;- Flax Sock"},"content":{"rendered":"<blockquote>\n<div class=\"ujudUb\">\n<div>Meet me at midnight &#8230;<br \/>\nStaring at the ceiling with you<br \/>\nOh, you don\u2019t ever say too much<br \/>\nAnd you don\u2019t really read into<br \/>\nMy melancholia<br \/>\nI been under scrutiny<br \/>\nYou handle it beautifully<br \/>\nAll this shit is new to me<br \/>\nI feel the lavender haze creeping up on me<\/div>\n<\/div>\n<\/blockquote>\n<div><\/div>\n<div>Laufl\u00e4nge: 400m = 100g<\/div>\n<div>Schurwolle von der Schw\u00e4bischen Alb(Sch\u00e4ferei Stotz) in einer Mischung mit Leinen aus franz\u00f6sischem Anbau und gef\u00e4rbt im S\u00fcden von \u00d6sterreich<\/div>\n","protected":false},"excerpt":{"rendered":"<p>Meet me at midnight &#8230; Staring at the ceiling with you Oh, you don\u2019t ever say too much And you don\u2019t really read into My melancholia I been under scrutiny You handle it beautifully All this shit is new to me I feel the lavender haze creeping up on me Laufl\u00e4nge: 400m = 100g Schurwolle [&hellip;]<\/p>\n","protected":false},"featured_media":1262,"comment_status":"open","ping_status":"closed","template":"","meta":[],"product_brand":[],"product_cat":[37,17,42,63],"product_tag":[],"class_list":{"0":"post-1254","1":"product","2":"type-product","3":"status-publish","4":"has-post-thumbnail","6":"product_cat-plasticfree","7":"product_cat-fingering","8":"product_cat-flax-sock","9":"product_cat-sale","11":"first","12":"instock","13":"sale","14":"shipping-taxable","15":"product-type-simple"},"_links":{"self":[{"href":"https:\/\/wintertagtraum.at\/index.php?rest_route=\/wp\/v2\/product\/1254","targetHints":{"allow":["GET"]}}],"collection":[{"href":"https:\/\/wintertagtraum.at\/index.php?rest_route=\/wp\/v2\/product"}],"about":[{"href":"https:\/\/wintertagtraum.at\/index.php?rest_route=\/wp\/v2\/types\/product"}],"replies":[{"embeddable":true,"href":"https:\/\/wintertagtraum.at\/index.php?rest_route=%2Fwp%2Fv2%2Fcomments&post=1254"}],"wp:featuredmedia":[{"embeddable":true,"href":"https:\/\/wintertagtraum.at\/index.php?rest_route=\/wp\/v2\/media\/1262"}],"wp:attachment":[{"href":"https:\/\/wintertagtraum.at\/index.php?rest_route=%2Fwp%2Fv2%2Fmedia&parent=1254"}],"wp:term":[{"taxonomy":"product_brand","embeddable":true,"href":"https:\/\/wintertagtraum.at\/index.php?rest_route=%2Fwp%2Fv2%2Fproduct_brand&post=1254"},{"taxonomy":"product_cat","embeddable":true,"href":"https:\/\/wintertagtraum.at\/index.php?rest_route=%2Fwp%2Fv2%2Fproduct_cat&post=1254"},{"taxonomy":"product_tag","embeddable":true,"href":"https:\/\/wintertagtraum.at\/index.php?rest_route=%2Fwp%2Fv2%2Fproduct_tag&post=1254"}],"curies":[{"name":"wp","href":"https:\/\/api.w.org\/{rel}","templated":true}]}}