{"id":1253,"date":"2024-03-12T19:19:53","date_gmt":"2024-03-12T18:19:53","guid":{"rendered":"https:\/\/wintertagtraum.at\/?post_type=product&#038;p=1253"},"modified":"2025-12-29T21:41:57","modified_gmt":"2025-12-29T20:41:57","slug":"merryberry-flax-sock-4","status":"publish","type":"product","link":"https:\/\/wintertagtraum.at\/?product=merryberry-flax-sock-4","title":{"rendered":"&#8222;Hoo ray and up she rises&#8220;- Flax Sock"},"content":{"rendered":"<blockquote>\n<div class=\"ujudUb\">\n<div>early in the morning<\/div>\n<\/div>\n<\/blockquote>\n<div><\/div>\n<div>Laufl\u00e4nge: 400m = 100g<\/div>\n<div>Schurwolle von der Schw\u00e4bischen Alb(Sch\u00e4ferei Stotz) in einer Mischung mit Leinen aus franz\u00f6sischem Anbau und gef\u00e4rbt im S\u00fcden von \u00d6sterreich<\/div>\n","protected":false},"excerpt":{"rendered":"<p>early in the morning Laufl\u00e4nge: 400m = 100g Schurwolle von der Schw\u00e4bischen Alb(Sch\u00e4ferei Stotz) in einer Mischung mit Leinen aus franz\u00f6sischem Anbau und gef\u00e4rbt im S\u00fcden von \u00d6sterreich<\/p>\n","protected":false},"featured_media":1264,"comment_status":"open","ping_status":"closed","template":"","meta":[],"product_brand":[],"product_cat":[37,17,42,63],"product_tag":[],"class_list":{"0":"post-1253","1":"product","2":"type-product","3":"status-publish","4":"has-post-thumbnail","6":"product_cat-plasticfree","7":"product_cat-fingering","8":"product_cat-flax-sock","9":"product_cat-sale","11":"first","12":"instock","13":"sale","14":"shipping-taxable","15":"product-type-simple"},"_links":{"self":[{"href":"https:\/\/wintertagtraum.at\/index.php?rest_route=\/wp\/v2\/product\/1253","targetHints":{"allow":["GET"]}}],"collection":[{"href":"https:\/\/wintertagtraum.at\/index.php?rest_route=\/wp\/v2\/product"}],"about":[{"href":"https:\/\/wintertagtraum.at\/index.php?rest_route=\/wp\/v2\/types\/product"}],"replies":[{"embeddable":true,"href":"https:\/\/wintertagtraum.at\/index.php?rest_route=%2Fwp%2Fv2%2Fcomments&post=1253"}],"wp:featuredmedia":[{"embeddable":true,"href":"https:\/\/wintertagtraum.at\/index.php?rest_route=\/wp\/v2\/media\/1264"}],"wp:attachment":[{"href":"https:\/\/wintertagtraum.at\/index.php?rest_route=%2Fwp%2Fv2%2Fmedia&parent=1253"}],"wp:term":[{"taxonomy":"product_brand","embeddable":true,"href":"https:\/\/wintertagtraum.at\/index.php?rest_route=%2Fwp%2Fv2%2Fproduct_brand&post=1253"},{"taxonomy":"product_cat","embeddable":true,"href":"https:\/\/wintertagtraum.at\/index.php?rest_route=%2Fwp%2Fv2%2Fproduct_cat&post=1253"},{"taxonomy":"product_tag","embeddable":true,"href":"https:\/\/wintertagtraum.at\/index.php?rest_route=%2Fwp%2Fv2%2Fproduct_tag&post=1253"}],"curies":[{"name":"wp","href":"https:\/\/api.w.org\/{rel}","templated":true}]}}