{"id":1006,"date":"2023-11-26T12:03:26","date_gmt":"2023-11-26T11:03:26","guid":{"rendered":"https:\/\/wintertagtraum.at\/?post_type=product&#038;p=1006"},"modified":"2024-11-26T21:21:32","modified_gmt":"2024-11-26T20:21:32","slug":"ccyc-vol-2-queer-cats-i-bohemian-catsody-bnb-sock","status":"publish","type":"product","link":"https:\/\/wintertagtraum.at\/?product=ccyc-vol-2-queer-cats-i-bohemian-catsody-bnb-sock","title":{"rendered":"CCYC\u2013Vol.:2 \u201cQueer Cats: I. Bohemian Catsody\u201d \u2013 B\u2019n\u2019B Sock"},"content":{"rendered":"<p>Base &#8222;B&#8217;n&#8217;B Sock&#8220;<\/p>\n<ul>\n<li>80% Blue Faced Leister 20% Bambus<\/li>\n<li>superwash<\/li>\n<li>400m\/100g<\/li>\n<\/ul>\n<p>Dieses Set stammt aus Volume 1 des Cozy Catlady Yarn Clubs. Ich f\u00e4rbe f\u00fcr Clubs oder bei Adventskalendern immer ein bisschen auf Reserve.<\/p>\n<p>Nachdem alle F\u00e4rbungen nun enth\u00fcllt wurden, dachte ich mir ich stell sie euch auch einzeln in den Shop.<\/p>\n<p>&nbsp;<\/p>\n","protected":false},"excerpt":{"rendered":"<p>Base &#8222;B&#8217;n&#8217;B Sock&#8220; 80% Blue Faced Leister 20% Bambus superwash 400m\/100g Dieses Set stammt aus Volume 1 des Cozy Catlady Yarn Clubs. Ich f\u00e4rbe f\u00fcr Clubs oder bei Adventskalendern immer ein bisschen auf Reserve. Nachdem alle F\u00e4rbungen nun enth\u00fcllt wurden, dachte ich mir ich stell sie euch auch einzeln in den Shop. &nbsp;<\/p>\n","protected":false},"featured_media":764,"comment_status":"open","ping_status":"closed","template":"","meta":[],"product_brand":[],"product_cat":[40,38,17,31,19,39],"product_tag":[],"class_list":{"0":"post-1006","1":"product","2":"type-product","3":"status-publish","4":"has-post-thumbnail","6":"product_cat-bnb-sock","7":"product_cat-cozycatladyyarnclub","8":"product_cat-fingering","9":"product_cat-sets","10":"product_cat-sock-sets","11":"product_cat-lucky-cats","13":"first","14":"outofstock","15":"shipping-taxable","16":"product-type-simple"},"_links":{"self":[{"href":"https:\/\/wintertagtraum.at\/index.php?rest_route=\/wp\/v2\/product\/1006","targetHints":{"allow":["GET"]}}],"collection":[{"href":"https:\/\/wintertagtraum.at\/index.php?rest_route=\/wp\/v2\/product"}],"about":[{"href":"https:\/\/wintertagtraum.at\/index.php?rest_route=\/wp\/v2\/types\/product"}],"replies":[{"embeddable":true,"href":"https:\/\/wintertagtraum.at\/index.php?rest_route=%2Fwp%2Fv2%2Fcomments&post=1006"}],"wp:featuredmedia":[{"embeddable":true,"href":"https:\/\/wintertagtraum.at\/index.php?rest_route=\/wp\/v2\/media\/764"}],"wp:attachment":[{"href":"https:\/\/wintertagtraum.at\/index.php?rest_route=%2Fwp%2Fv2%2Fmedia&parent=1006"}],"wp:term":[{"taxonomy":"product_brand","embeddable":true,"href":"https:\/\/wintertagtraum.at\/index.php?rest_route=%2Fwp%2Fv2%2Fproduct_brand&post=1006"},{"taxonomy":"product_cat","embeddable":true,"href":"https:\/\/wintertagtraum.at\/index.php?rest_route=%2Fwp%2Fv2%2Fproduct_cat&post=1006"},{"taxonomy":"product_tag","embeddable":true,"href":"https:\/\/wintertagtraum.at\/index.php?rest_route=%2Fwp%2Fv2%2Fproduct_tag&post=1006"}],"curies":[{"name":"wp","href":"https:\/\/api.w.org\/{rel}","templated":true}]}}