{"id":84,"date":"2022-07-16T18:28:47","date_gmt":"2022-07-16T16:28:47","guid":{"rendered":"https:\/\/wp.skyr.at\/?page_id=84"},"modified":"2024-04-15T15:49:23","modified_gmt":"2024-04-15T13:49:23","slug":"impressum","status":"publish","type":"page","link":"https:\/\/wintertagtraum.at\/?page_id=84","title":{"rendered":"Impressum"},"content":{"rendered":"\n<p><strong>Impressum<\/strong><\/p>\n\n\n\n<p>Informationspflicht laut \u00a75 E-Commerce Gesetz, \u00a714 Unternehmensgesetzbuch, \u00a763 Gewerbeordnung und Offenlegungspflicht laut \u00a725 Mediengesetz.<\/p>\n\n\n\n<p>Wintertagtraum<br>Nora Steinbach <br>Jakobsweg 4, 9064 Pischeldorf<br>\u00d6sterreich<\/p>\n\n\n\n<p><strong>Unternehmensgegenstand<\/strong>: Kunsthandwerk<\/p>\n\n\n\n<p><strong>Rechtsform<\/strong>: Einzelunternehmer*in. Umsatzsteuerfrei aufgrund der Kleinunternehmerregelung<\/p>\n\n\n\n<p><strong>Tel<\/strong>.: +43 6980 240 1003<br><strong>E-Mail<\/strong>: nora@wintertagtraum.at<\/p>\n\n\n\n<p><strong>Mitglied bei<\/strong>: Landesinnung Kunsthandwerk, WKO<br><strong>Berufsrecht<\/strong>: Gewerbeordnung: www.ris.bka.gv.at<\/p>\n\n\n\n<p><strong>Aufsichtsbeh\u00f6rde\/Gewerbebeh\u00f6rde<\/strong>: Bezirkshauptmannschaft Klagenfurt-Land<br><strong>Berufsbezeichnung:<\/strong> F\u00e4rberin<br><strong>Verleihungsstaat:<\/strong> \u00d6sterreich<\/p>\n\n\n\n<p><strong>EU-Streitschlichtung<\/strong><\/p>\n\n\n\n<p>Gem\u00e4\u00df Verordnung \u00fcber Online-Streitbeilegung in Verbraucherangelegenheiten (ODR-Verordnung) m\u00f6chten ich dich \u00fcber die Online-Streitbeilegungsplattform (OS-Plattform) informieren.<\/p>\n\n\n\n<p>F\u00fcr die au\u00dfergerichtliche Einigung bei Verbraucherstreitigkeiten hat die Europ\u00e4ische Union eine Online-Plattform (&#8222;Online-Streitbeilegungsplattform&#8220;) eingerichtet: <a rel=\"noreferrer noopener\" href=\"https:\/\/ec.europa.eu\/consumers\/odr\" target=\"_blank\">https:\/\/ec.europa.eu\/consumers\/odr<\/a> bzw <a rel=\"noreferrer noopener\" href=\"https:\/\/ec.europa.eu\/consumers\/odr\/main\/index.cfm?event=main.home2.show&amp;lng=DE\" target=\"_blank\">http:\/\/ec.europa.eu\/odr?tid=22111404<\/a><\/p>\n\n\n\n<p>Verbraucher*innen haben die M\u00f6glichkeit, Beschwerden an die Online Streitbeilegungsplattform der Europ\u00e4ischen Kommission zu richten. <\/p>\n\n\n\n<p><\/p>\n","protected":false},"excerpt":{"rendered":"<p>Impressum Informationspflicht laut \u00a75 E-Commerce Gesetz, \u00a714 Unternehmensgesetzbuch, \u00a763 Gewerbeordnung und Offenlegungspflicht laut \u00a725 Mediengesetz. WintertagtraumNora Steinbach Jakobsweg 4, 9064 Pischeldorf\u00d6sterreich Unternehmensgegenstand: Kunsthandwerk Rechtsform: Einzelunternehmer*in. Umsatzsteuerfrei aufgrund der Kleinunternehmerregelung Tel.: +43 6980 240 1003E-Mail: nora@wintertagtraum.at Mitglied bei: Landesinnung Kunsthandwerk, WKOBerufsrecht: Gewerbeordnung: www.ris.bka.gv.at Aufsichtsbeh\u00f6rde\/Gewerbebeh\u00f6rde: Bezirkshauptmannschaft Klagenfurt-LandBerufsbezeichnung: F\u00e4rberinVerleihungsstaat: \u00d6sterreich EU-Streitschlichtung Gem\u00e4\u00df Verordnung \u00fcber Online-Streitbeilegung in Verbraucherangelegenheiten (ODR-Verordnung) [&hellip;]<\/p>\n","protected":false},"author":2,"featured_media":0,"parent":2,"menu_order":2,"comment_status":"closed","ping_status":"closed","template":"","meta":{"footnotes":""},"class_list":["post-84","page","type-page","status-publish","hentry"],"_links":{"self":[{"href":"https:\/\/wintertagtraum.at\/index.php?rest_route=\/wp\/v2\/pages\/84","targetHints":{"allow":["GET"]}}],"collection":[{"href":"https:\/\/wintertagtraum.at\/index.php?rest_route=\/wp\/v2\/pages"}],"about":[{"href":"https:\/\/wintertagtraum.at\/index.php?rest_route=\/wp\/v2\/types\/page"}],"author":[{"embeddable":true,"href":"https:\/\/wintertagtraum.at\/index.php?rest_route=\/wp\/v2\/users\/2"}],"replies":[{"embeddable":true,"href":"https:\/\/wintertagtraum.at\/index.php?rest_route=%2Fwp%2Fv2%2Fcomments&post=84"}],"version-history":[{"count":4,"href":"https:\/\/wintertagtraum.at\/index.php?rest_route=\/wp\/v2\/pages\/84\/revisions"}],"predecessor-version":[{"id":1322,"href":"https:\/\/wintertagtraum.at\/index.php?rest_route=\/wp\/v2\/pages\/84\/revisions\/1322"}],"up":[{"embeddable":true,"href":"https:\/\/wintertagtraum.at\/index.php?rest_route=\/wp\/v2\/pages\/2"}],"wp:attachment":[{"href":"https:\/\/wintertagtraum.at\/index.php?rest_route=%2Fwp%2Fv2%2Fmedia&parent=84"}],"curies":[{"name":"wp","href":"https:\/\/api.w.org\/{rel}","templated":true}]}}