{"id":71,"date":"2022-07-16T18:18:20","date_gmt":"2022-07-16T16:18:20","guid":{"rendered":"https:\/\/wp.skyr.at\/?page_id=71"},"modified":"2022-07-16T18:32:38","modified_gmt":"2022-07-16T16:32:38","slug":"71-2","status":"publish","type":"page","link":"https:\/\/wintertagtraum.at\/?page_id=71","title":{"rendered":"Datenschutzrichtlinien"},"content":{"rendered":"\n<p>Diese Datenschutzrichtlinie beschreibt, wie und wann ich Informationen erfasse, verwende und weitergebe, wenn du einen Artikel von mir kaufst, mich kontaktierst oder anderweitig meine Dienste \u00fcber Etsy.com \u00fcber die zugeh\u00f6rigen Website und meine Dienste in Anspruch nimmst.<\/p>\n\n\n\n<h3 class=\"wp-block-heading\"><\/h3>\n\n\n\n<p><strong>Welche Informationen ich erfasse<\/strong><\/p>\n\n\n\n<p>Damit ich deine Bestellung abwickeln kann, musst du mir bestimmte Informationen bereitstellen. Dazu geh\u00f6ren dein Name, deine E-Mail-Adresse, deine Postanschrift, deine Zahlungsinformationen und Angaben zu dem Produkt, das du bestellst. Du hast auch die M\u00f6glichkeit, mir weitere pers\u00f6nliche Informationen mitzuteilen (beispielsweise f\u00fcr eine personalisierte F\u00e4rbung), wenn du dich direkt mit mir in Verbindung setzt.<\/p>\n\n\n\n<p><strong>Warum ich deine Informationen ben\u00f6tige und wie ich sie verwende<\/strong><\/p>\n\n\n\n<p>Ich beziehe mich auf eine Reihe von Rechtsgrundlagen, um deine Daten zu erfassen, zu verwenden und weiterzugeben. Und zwar:<\/p>\n\n\n\n<ul class=\"wp-block-list\"><li>soweit ich deine Informationen zur Bereitstellung meiner Dienste ben\u00f6tige, beispielsweise, um deine Bestellung abzuwickeln, Konflikte beizulegen oder Kundensupport zu bieten;<\/li><li>wenn du deine ausdr\u00fcckliche Zustimmung gegeben hast (welche du jederzeit widerrufen kannst), etwa indem du dich f\u00fcr meinen Newsletter-Verteiler angemeldet hast;<\/li><li>wenn es erforderlich ist, um einer gesetzlichen Verpflichtung oder gerichtlichen Verf\u00fcgung nachzukommen, oder in Verbindung mit rechtlichen Anspr\u00fcchen, etwa der Notwendigkeit, Informationen zu deinen K\u00e4ufen aufgrund der Steuergesetzgebung aufzubewahren; und<\/li><li>soweit zu Zwecken meiner berechtigten Interessen erforderlich\u00a0\u2013 sofern diese berechtigten Interessen nicht durch deine Rechte oder Interessen aufgehoben werden\u00a0\u2013 etwa 1. um meine Dienste bereitzustellen und zu verbessern. Ich nutze deine Informationen zur Bereitstellung der Dienste, die du von mir angefordert hast, und in meinem berechtigten Interesse, meine Dienste zu verbessern; und 2. zur Einhaltung von Etsys Verk\u00e4uferrichtlinie und Nutzungsbedingungen. Ich verwende deine Informationen bei Bedarf, um meine Pflichten laut Etsys Verk\u00e4uferrichtlinie und Nutzungsbedingungen zu erf\u00fcllen.<\/li><\/ul>\n\n\n\n<p><strong>Weitergabe und Offenlegung von Informationen<\/strong><\/p>\n\n\n\n<p>Kundendaten sind f\u00fcr mein Gesch\u00e4ft wichtig. Ich gebe deine personenbezogene Daten nur aus bestimmten Gr\u00fcnden und unter ganz bestimmten Umst\u00e4nden heraus, und zwar wie folgt:<\/p>\n\n\n\n<ul class=\"wp-block-list\"><li>Dienstleister: Ich beauftrage bestimmte vertrauensw\u00fcrdige Drittanbieter, f\u00fcr meinen Shop Aufgaben auszuf\u00fchren und Dienstleistungen zu erbringen, wie beispielsweise Paketdienste. Ich gebe deine personenbezogene Daten an diese Drittanbieter weiter, aber nur in dem Umfang, in dem sie f\u00fcr die Durchf\u00fchrung dieser Leistungen erforderlich sind.<\/li><li>Unternehmens\u00fcbertragungen: Wenn ich mein Unternehmen verkaufe oder mit einem anderen fusioniere, kann ich deine Informationen im Rahmen dieser Transaktion offenlegen, soweit gesetzlich zul\u00e4ssig.<\/li><li>Einhaltung von Gesetzen: Ich kann deine Daten erfassen, verwenden, aufbewahren und weitergeben, wenn ich in gutem Glauben annehme, dass dies angemessen und notwendig ist, um: a) auf ein rechtliches Verfahren oder auf beh\u00f6rdliche Anforderungen zu reagieren; b) meine Vertr\u00e4ge, Bedingungen und Richtlinien durchzusetzen; c) Betrug und andere rechtswidrige Handlungen, Sicherheits- oder technische Probleme zu verhindern, zu untersuchen und zu beheben oder d) die Rechte, das Eigentum und die Sicherheit meiner Kunden oder anderer Personen zu sch\u00fctzen.<\/li><\/ul>\n\n\n\n<p><strong>Deine Rechte<\/strong><\/p>\n\n\n\n<p>Wenn du in bestimmten Regionen wohnst, einschlie\u00dflich der EU, hast du eine Reihe von Rechten in Bezug auf deine personenbezogenen Daten. Einige dieser Rechte gelten allgemein und andere nur in bestimmten F\u00e4llen. Nachfolgend sind diese Rechte beschrieben:<\/p>\n\n\n\n<ul class=\"wp-block-list\"><li>Zugang: Du hast m\u00f6glicherweise das Recht, Zugang zu den personenbezogenen Daten zu erhalten, die ich zu dir gespeichert habe, und eine Kopie davon zu bekommen, indem du mich \u00fcber die nachstehenden Kontaktinformationen anschreibst.<\/li><li>\u00c4nderung, Einschr\u00e4nkung, L\u00f6schung: Du bist m\u00f6glicherweise auch berechtigt, deine personenbezogenen Daten zu \u00e4ndern, meine Nutzung dieser Daten zu beschr\u00e4nken oder sie zu l\u00f6schen. Mit Ausnahme au\u00dfergew\u00f6hnlicher Umst\u00e4nde (etwa wenn ich Daten aus rechtlichen Gr\u00fcnden speichern muss) werde ich deine personenbezogenen Daten im Allgemeinen auf Anfrage l\u00f6schen.<\/li><li>Widerspruch: Du kannst dem widersprechen, 1. dass ich einige deiner Daten im Hinblick auf meine legitimen Interessen verarbeite und 2. dass du Marketing-Nachrichten von mir erh\u00e4ltst, nachdem du dem zuvor ausdr\u00fccklich zugestimmt hast. In solchen F\u00e4llen werde ich deine personenbezogenen Daten l\u00f6schen, es sei denn, ich kann \u00fcberzeugende schutzw\u00fcrdige Gr\u00fcnde f\u00fcr ihre weitere Verwendung nachweisen oder sie ist aus rechtlichen Gr\u00fcnden erforderlich.<\/li><li>Beschwerde: Wenn du in der EU wohnst und Bedenken hinsichtlich meiner Nutzung deiner Daten vorbringen m\u00f6chtest&nbsp;\u2013 unbeschadet anderer dir zustehender Rechte&nbsp;\u2013 bist du berechtigt, dich mit diesen Anliegen an deine lokale Datenschutzbeh\u00f6rde zu wenden.<\/li><\/ul>\n\n\n\n<p><strong>So kontaktierst du mich<\/strong><\/p>\n\n\n\n<p>Im Sinne der EU-Datenschutz-Grundverordnung bin ich, Nathan Martin, der Datenverantwortliche f\u00fcr deine personenbezogenen Daten. Wenn du Fragen oder Bedenken hast, kannst du mich unter wintertagtraum@gmail.com kontaktieren. Alternativ kannst du mich unter folgender Adresse anschreiben:<\/p>\n\n\n\n<p>Nora Steinbach, Jakobsweg 4, 9064 Pischeldorf<\/p>\n","protected":false},"excerpt":{"rendered":"<p>Diese Datenschutzrichtlinie beschreibt, wie und wann ich Informationen erfasse, verwende und weitergebe, wenn du einen Artikel von mir kaufst, mich kontaktierst oder anderweitig meine Dienste \u00fcber Etsy.com \u00fcber die zugeh\u00f6rigen Website und meine Dienste in Anspruch nimmst. Welche Informationen ich erfasse Damit ich deine Bestellung abwickeln kann, musst du mir bestimmte Informationen bereitstellen. Dazu geh\u00f6ren [&hellip;]<\/p>\n","protected":false},"author":2,"featured_media":0,"parent":9,"menu_order":0,"comment_status":"closed","ping_status":"closed","template":"","meta":{"footnotes":""},"class_list":["post-71","page","type-page","status-publish","hentry"],"_links":{"self":[{"href":"https:\/\/wintertagtraum.at\/index.php?rest_route=\/wp\/v2\/pages\/71","targetHints":{"allow":["GET"]}}],"collection":[{"href":"https:\/\/wintertagtraum.at\/index.php?rest_route=\/wp\/v2\/pages"}],"about":[{"href":"https:\/\/wintertagtraum.at\/index.php?rest_route=\/wp\/v2\/types\/page"}],"author":[{"embeddable":true,"href":"https:\/\/wintertagtraum.at\/index.php?rest_route=\/wp\/v2\/users\/2"}],"replies":[{"embeddable":true,"href":"https:\/\/wintertagtraum.at\/index.php?rest_route=%2Fwp%2Fv2%2Fcomments&post=71"}],"version-history":[{"count":3,"href":"https:\/\/wintertagtraum.at\/index.php?rest_route=\/wp\/v2\/pages\/71\/revisions"}],"predecessor-version":[{"id":90,"href":"https:\/\/wintertagtraum.at\/index.php?rest_route=\/wp\/v2\/pages\/71\/revisions\/90"}],"up":[{"embeddable":true,"href":"https:\/\/wintertagtraum.at\/index.php?rest_route=\/wp\/v2\/pages\/9"}],"wp:attachment":[{"href":"https:\/\/wintertagtraum.at\/index.php?rest_route=%2Fwp%2Fv2%2Fmedia&parent=71"}],"curies":[{"name":"wp","href":"https:\/\/api.w.org\/{rel}","templated":true}]}}