{"id":213,"date":"2022-07-27T17:47:40","date_gmt":"2022-07-27T15:47:40","guid":{"rendered":"https:\/\/wintertagtraum.at\/?page_id=213"},"modified":"2024-08-01T09:33:08","modified_gmt":"2024-08-01T07:33:08","slug":"bases","status":"publish","type":"page","link":"https:\/\/wintertagtraum.at\/?page_id=213","title":{"rendered":"Bases"},"content":{"rendered":"\n<p>Hier findet ihr Informationen zu den Bases, die ihr bei mir im Shop findet. Du findest sie hier nach Laufl\u00e4nge bzw St\u00e4rke geordnet. <\/p>\n\n\n\n<p><strong><mark style=\"background-color:rgba(0, 0, 0, 0)\" class=\"has-inline-color has-vivid-purple-color\">Alle Garne sind nat\u00fcrlich Mulesingfrei. <\/mark><\/strong><\/p>\n\n\n\n<div class=\"wp-block-group\"><div class=\"wp-block-group__inner-container is-layout-constrained wp-block-group-is-layout-constrained\">\n<ul class=\"wp-block-list\">\n<li>Lace<\/li>\n\n\n\n<li>Fingering<\/li>\n\n\n\n<li>Sport<\/li>\n\n\n\n<li>DK<\/li>\n\n\n\n<li>Bulky<\/li>\n<\/ul>\n<\/div><\/div>\n\n\n\n<h2 class=\"wp-block-heading\"><strong>Lace<\/strong><\/h2>\n\n\n\n<div class=\"wp-block-group\"><div class=\"wp-block-group__inner-container is-layout-constrained wp-block-group-is-layout-constrained\">\n<div class=\"wp-block-group\"><div class=\"wp-block-group__inner-container is-layout-constrained wp-block-group-is-layout-constrained\">\n<div class=\"wp-block-group\"><div class=\"wp-block-group__inner-container is-layout-constrained wp-block-group-is-layout-constrained\">\n<h2 class=\"wp-block-heading\">Lacy Linen (vegan)<\/h2>\n\n\n\n<ul class=\"wp-block-list\">\n<li>50% Leinen \/ 30% Baumwolle \/ 20% Tencel<\/li>\n\n\n\n<li>700m\/100g<\/li>\n<\/ul>\n\n\n\n<p><\/p>\n<\/div><\/div>\n\n\n\n<div class=\"wp-block-group\"><div class=\"wp-block-group__inner-container is-layout-constrained wp-block-group-is-layout-constrained\">\n<h2 class=\"wp-block-heading\">Cellu Lace (vegan)<\/h2>\n\n\n\n<ul class=\"wp-block-list\">\n<li>75% Viskose \/ 25% Baumwolle<\/li>\n\n\n\n<li>472m\/100g<\/li>\n<\/ul>\n<\/div><\/div>\n<\/div><\/div>\n<\/div><\/div>\n\n\n\n<h2 class=\"wp-block-heading\"><strong>Fingering<\/strong><\/h2>\n\n\n\n<p><\/p>\n\n\n\n<div class=\"wp-block-group\"><div class=\"wp-block-group__inner-container is-layout-constrained wp-block-group-is-layout-constrained\">\n<div class=\"wp-block-group\"><div class=\"wp-block-group__inner-container is-layout-flow wp-block-group-is-layout-flow\">\n<h2 class=\"wp-block-heading\">Vanilla Sock (NEW)<\/h2>\n\n\n\n<ul class=\"wp-block-list\">\n<li>75% Merino \/ 25% Polyamid<\/li>\n\n\n\n<li>superwash<\/li>\n\n\n\n<li>425m\/100g<\/li>\n<\/ul>\n\n\n\n<p>&#8222;Die Vanilla Sock ist f\u00fcr mich eine richtig tolle Allrounderbase f\u00fcr den Alltag. Super solide, weich und durch den Polyanteil auch f\u00fcr viele Projekte einsetzbar ohne dabei kratzig zu sein. Da ich sie eben auch gerne f\u00fcr Stinos bzw. Vanillasocks mag, hab ich sie so benannt und auch weil sie f\u00fcr mich so ein sanftes Wohlgef\u00fchl wie die Prise Vanillezucker auf Waffeln oder im Kaffee hat.<\/p>\n\n\n\n<div class=\"wp-block-group\"><div class=\"wp-block-group__inner-container is-layout-constrained wp-block-group-is-layout-constrained\">\n<h2 class=\"wp-block-heading\">Flax Sock<\/h2>\n\n\n\n<ul class=\"wp-block-list\">\n<li>85% Wolle \/ 15%  Leinen<\/li>\n\n\n\n<li>Schurwolle von der Schw\u00e4bischen Alb in einer Mischung mit Leinen aus franz\u00f6sischem Anbau<\/li>\n\n\n\n<li>superwash<\/li>\n\n\n\n<li>plastikfrei<\/li>\n\n\n\n<li>400m\/100g <\/li>\n<\/ul>\n\n\n\n<p>Herkunftsland der Fasern: Wolle (Deutschland), Leinen (Frankreich)<\/p>\n\n\n\n<p>&#8222;Trockene, griffige Haptik durch den Leinenanteil. Bewusster Verzicht auf Kunstfasern. Super f\u00fcr plastikfreie Socken geeignet, durch das Leinen formstabil und haltbar.&#8220;<\/p>\n<\/div><\/div>\n\n\n\n<div class=\"wp-block-group\"><div class=\"wp-block-group__inner-container is-layout-constrained wp-block-group-is-layout-constrained\">\n<h2 class=\"wp-block-heading\">Cozy Sock<\/h2>\n\n\n\n<ul class=\"wp-block-list\">\n<li>75% Merino \/ 25% Polyamid<\/li>\n\n\n\n<li>superwash<\/li>\n\n\n\n<li>19.5 micron<\/li>\n\n\n\n<li>4f\u00e4dig verzwirnt<\/li>\n\n\n\n<li>400m\/100g <\/li>\n<\/ul>\n\n\n\n<p>Herkunftsland der Fasern: Merino (S\u00fcdamerika)<\/p>\n\n\n\n<p>&#8222;Ultrafluffig, besonders f\u00fcr ein Fingeringgarn pufft es auch nach dem Waschen noch ein bisschen weiter auf und geht f\u00fcr mich so von der Haptik her fast ein bisschen Richtung &#8222;sport weight&#8220; hat jedoch 400m Laufl\u00e4nge. &#8222;<\/p>\n<\/div><\/div>\n<\/div><\/div>\n\n\n\n<div class=\"wp-block-group\"><div class=\"wp-block-group__inner-container is-layout-constrained wp-block-group-is-layout-constrained\">\n<h2 class=\"wp-block-heading\">Soft Sock<\/h2>\n\n\n\n<ul class=\"wp-block-list\">\n<li>80% Merino \/ 20% Nylon <\/li>\n\n\n\n<li>Hightwist &#8211; 2f\u00e4dig verzwirnt<\/li>\n\n\n\n<li>superwash<\/li>\n\n\n\n<li>365m\/100g<\/li>\n<\/ul>\n\n\n\n<p>Herkunftsland der Fasern: Merino (Variierende Herkunftsl\u00e4nder nur von Farmen die garantiert mulesingfrei arbeiten &#8211; Australien ist als Herkunftsland ausgeschlossen). <\/p>\n\n\n\n<p>&#8222;Extra &#8222;snuggly&#8220; und so neben Socken auch super f\u00fcr T\u00fccher oder Kleidungsst\u00fccke geeignet.&#8220;<\/p>\n<\/div><\/div>\n<\/div><\/div>\n\n\n\n<div class=\"wp-block-group\"><div class=\"wp-block-group__inner-container is-layout-constrained wp-block-group-is-layout-constrained\">\n<h2 class=\"wp-block-heading\">B&#8217;n&#8217;B Sock<\/h2>\n\n\n\n<p><\/p>\n\n\n\n<ul class=\"wp-block-list\">\n<li>80% Blue Faced Leicester 20% Bambus<\/li>\n\n\n\n<li>4f\u00e4dig verzwirnt<\/li>\n\n\n\n<li>superwash<\/li>\n\n\n\n<li>plastikfrei<\/li>\n\n\n\n<li>400m\/100g<\/li>\n<\/ul>\n\n\n\n<p>Herkunftsland der Fasern: BFL (UK), Bambus (China)<\/p>\n<\/div><\/div>\n\n\n\n<div class=\"wp-block-group\"><div class=\"wp-block-group__inner-container is-layout-constrained wp-block-group-is-layout-constrained\">\n<h2 class=\"wp-block-heading\">Bamboo Fingering(vegan)<\/h2>\n\n\n\n<ul class=\"wp-block-list\">\n<li>70% Bambus 30% Leinen<\/li>\n\n\n\n<li>4f\u00e4dig verzwirnt<\/li>\n\n\n\n<li>non superwash<\/li>\n\n\n\n<li>400m\/100g<\/li>\n<\/ul>\n\n\n\n<p>Herkunftsland der Fasern: Bambus (China), Leinen (EU, prim\u00e4r Belgien)<\/p>\n<\/div><\/div>\n\n\n\n<div class=\"wp-block-group\"><div class=\"wp-block-group__inner-container is-layout-constrained wp-block-group-is-layout-constrained\">\n<div class=\"wp-block-group\"><div class=\"wp-block-group__inner-container is-layout-constrained wp-block-group-is-layout-constrained\">\n<h2 class=\"wp-block-heading\">Single Fingering<\/h2>\n\n\n\n<ul class=\"wp-block-list\">\n<li>70% Merino 30% Tencel<\/li>\n\n\n\n<li>non superwash<\/li>\n\n\n\n<li>360m\/100g<\/li>\n<\/ul>\n\n\n\n<p>&#8222;So flauschig kann Single sein. Super weiches Garn, perfekt f\u00fcr Schals, T\u00fccher oder auch M\u00fctzen. Da es sich um ein Single Garn handelt, ist es nicht so best\u00e4ndig und daher f\u00fcr Socken oder Pullover weniger geeignet bzw wenn mit einem Beilauffaden um mehr Stabilit\u00e4t zu bekommen&#8220;<\/p>\n<\/div><\/div>\n\n\n\n<div class=\"wp-block-group\"><div class=\"wp-block-group__inner-container is-layout-constrained wp-block-group-is-layout-constrained\">\n<h2 class=\"wp-block-heading\">Merino Fingering<\/h2>\n\n\n\n<ul class=\"wp-block-list\">\n<li>100% Bio-Merino<\/li>\n\n\n\n<li>hightwist &#8211; 4f\u00e4dig verzwirnt<\/li>\n\n\n\n<li>non superwash<\/li>\n\n\n\n<li>20.5micron<\/li>\n\n\n\n<li>365m\/100g<\/li>\n<\/ul>\n\n\n\n<p>&#8222;Flausch ohne Fuzz. Dieses Base ist biologisch zertifiziert und kommt so auch hier ohne Schnickschnack aus und wurde auch nicht superwash nachbehandelt. Durch die Verzwirnung ist es stabil und doch flauschig zugleich. &#8222;<\/p>\n\n\n\n<p>Anmerkung: Das Garn ist bio-zertifiziert. Ich verwende jedoch keine Farben, die dieses Label haben. Ich versuche beim F\u00e4rben so ressourcenschonend und nachhaltig  wie m\u00f6glich zu arbeiten, dennoch ist es am Ende so also kein &#8222;Bio-Garn&#8220; und deswegen deklariere ich es auch bewusst nicht als solches. <\/p>\n<\/div><\/div>\n<\/div><\/div>\n\n\n\n<div class=\"wp-block-group\"><div class=\"wp-block-group__inner-container is-layout-constrained wp-block-group-is-layout-constrained\">\n<div class=\"wp-block-group\"><div class=\"wp-block-group__inner-container is-layout-constrained wp-block-group-is-layout-constrained\">\n<h2 class=\"wp-block-heading\">Shiny Tencel (vegan)<\/h2>\n\n\n\n<ul class=\"wp-block-list\">\n<li>100% Tencel<\/li>\n\n\n\n<li>non superwash<\/li>\n\n\n\n<li>4f\u00e4dig verzwirnt<\/li>\n\n\n\n<li>400m\/100g<\/li>\n<\/ul>\n\n\n\n<p>Herkunftsland der Fasern: Tencel (Italien)<\/p>\n\n\n\n<p>&#8222;Seidige, k\u00fchle Haptik ganz ohne tierische Fasern, die super leicht durch die Finger gleitet&#8220;<\/p>\n\n\n\n<h2 class=\"wp-block-heading\"><strong>SPORT<\/strong><\/h2>\n\n\n\n<h2 class=\"wp-block-heading\">Sporty Cotton<\/h2>\n\n\n\n<ul class=\"wp-block-list\">\n<li>100% biologisch angebaute Baumwolle<\/li>\n\n\n\n<li>300m\/100g<\/li>\n<\/ul>\n\n\n\n<p>Anmerkung: Die Baumwolle ist bio-zertifiziert. Ich verwende jedoch keine Farben, die diesem Label entsprechen. Ich versuche beim F\u00e4rben so ressourcenschonend und nachhaltig  wie m\u00f6glich zu arbeiten, dennoch ist es am Ende so also kein &#8222;Bio-Garn&#8220; und deswegen m\u00f6chte ich es auch so nicht bewerben. Ich m\u00f6chte das du wei\u00dft was du kaufst und gerade bei Bio-Baumwolle hei\u00dft dies auch das die Arbeiter*innen keinen Pestiziden etc. ausgesetzt sind.<\/p>\n<\/div><\/div>\n<\/div><\/div>\n\n\n\n<h2 class=\"wp-block-heading\"><strong>DK<\/strong><\/h2>\n\n\n\n<div class=\"wp-block-group\"><div class=\"wp-block-group__inner-container is-layout-constrained wp-block-group-is-layout-constrained\">\n<p><\/p>\n\n\n\n<div class=\"wp-block-group\"><div class=\"wp-block-group__inner-container is-layout-constrained wp-block-group-is-layout-constrained\">\n<h2 class=\"wp-block-heading\">Sissi DK <\/h2>\n\n\n\n<ul class=\"wp-block-list\">\n<li>100% \u00f6sterreichische Schurwolle<\/li>\n\n\n\n<li>2f\u00e4dig verzwirnt<\/li>\n\n\n\n<li>non superwash<\/li>\n\n\n\n<li>200m\/100g<\/li>\n<\/ul>\n\n\n\n<p>Herkunftsland der Fasern: Schurwolle (\u00d6sterreich)<\/p>\n\n\n\n<p>&#8222;Regionales Schmankerl. F\u00fcr dieses Garn wird ausschlie\u00dflich die Wolle von \u00f6sterreichischen Schafen verwendet und in Salzburg gesponnen. Die Haptik ist eher trocken und da die Schafe bei uns unterschiedlichen Witterungen und auch kalten Wintern ausgesetzt sind ist ihre Wolle etwas robuster. F\u00fcr mich perfekt f\u00fcr Pullover, Cardigans oder auch M\u00fctzen.&#8220;<\/p>\n<\/div><\/div>\n\n\n\n<div class=\"wp-block-group\"><div class=\"wp-block-group__inner-container is-layout-constrained wp-block-group-is-layout-constrained\">\n<h2 class=\"wp-block-heading\">Merino DK <\/h2>\n\n\n\n<ul class=\"wp-block-list\">\n<li>100% Merino<\/li>\n\n\n\n<li>3f\u00e4dig verzwirnt<\/li>\n\n\n\n<li>superwash<\/li>\n\n\n\n<li>19.5 micron<\/li>\n\n\n\n<li>225m\/100g<\/li>\n<\/ul>\n\n\n\n<p>Herkunftsland der Fasern: Merino (Variierende Herkunftsl\u00e4nder nur von Farmen die garantiert mulesingfrei arbeiten &#8211; Australien ist als Herkunftsland ausgeschlossen). <\/p>\n\n\n\n<p>&#8222;Regionales Schmankerl. F\u00fcr dieses Garn wird ausschlie\u00dflich die Wolle von \u00f6sterreichischen Schafen verwendet und in Salzburg gesponnen. Die Haptik ist eher trocken und da die Schafe bei uns unterschiedlichen Witterungen und auch kalten Wintern ausgesetzt sind ist ihre Wolle etwas robuster. F\u00fcr mich perfekt f\u00fcr Pullover, Cardigans oder auch M\u00fctzen.&#8220;<\/p>\n<\/div><\/div>\n<\/div><\/div>\n\n\n\n<h2 class=\"wp-block-heading\"><strong>Bulky<\/strong><\/h2>\n\n\n\n<div class=\"wp-block-group\"><div class=\"wp-block-group__inner-container is-layout-constrained wp-block-group-is-layout-constrained\">\n<h2 class=\"wp-block-heading\">Bulky Franzl<\/h2>\n\n\n\n<ul class=\"wp-block-list\">\n<li>100% \u00f6sterreichische Schurwolle<\/li>\n\n\n\n<li>3f\u00e4dig verzwirnt<\/li>\n\n\n\n<li>non superwash<\/li>\n\n\n\n<li>135m\/100g<\/li>\n<\/ul>\n\n\n\n<p>Herkunftsland der Fasern: Schurwolle (\u00d6sterreich)<\/p>\n\n\n\n<p>&#8222;Regionales Schmankerl. F\u00fcr dieses Garn wird ausschlie\u00dflich die Wolle von \u00f6sterreichischen Schafen verwendet und in Salzburg gesponnen. Die Haptik ist eher trocken und da die Schafe bei uns unterschiedlichen Witterungen und auch kalten Wintern ausgesetzt sind ist ihre Wolle etwas robuster. F\u00fcr mich perfekt f\u00fcr Pullover, Cardigans oder auch M\u00fctzen.&#8220;<\/p>\n<\/div><\/div>\n\n\n\n<h2 class=\"wp-block-heading\"><strong>Auslaufende und fr\u00fchere Qualit\u00e4ten<\/strong><\/h2>\n\n\n\n<p>Ich teste mich selbst gern durch unterschiedliche Qualit\u00e4ten, sowohl beim F\u00e4rben als auch beim Stricken\/H\u00e4keln. Das f\u00fchrt  dazu dass es immer wieder neue Bases gibt oder aber auch das eine Qualit\u00e4t gehen darf. Dies bedeutet nicht, dass sie qualitatitv nicht gut ist, sondern dass ihr zum Beispiel einfach eine andere Base bevorzugt.<\/p>\n\n\n\n<p>Damit du aber alle Infos auch zu diesen Bases hast, solltest du die Banderole nicht mehr haben, hab ich sie hier f\u00fcr dich aufgelistet. Nat\u00fcrlich kannst du mich aber auch immer fragen und als Auftragsf\u00e4rbungen kann ich manche Bases f\u00fcr dich auch noch bestellen und f\u00e4rben \ud83d\ude42<\/p>\n\n\n\n<h2 class=\"wp-block-heading\">Sock<\/h2>\n\n\n\n<div class=\"wp-block-group\"><div class=\"wp-block-group__inner-container is-layout-constrained wp-block-group-is-layout-constrained\">\n<ul class=\"wp-block-list\">\n<li>75% Wolle \/ 25% Polyamid<\/li>\n\n\n\n<li>superwash<\/li>\n\n\n\n<li>4f\u00e4dig verzwirnt<\/li>\n\n\n\n<li>420m\/100g <\/li>\n<\/ul>\n\n\n\n<p>Herkunftsland der Fasern: Merino (S\u00fcdamerika)<\/p>\n\n\n\n<p>&#8222;Besonders gut f\u00fcr Socken und Strickprojekte geeignet, die auch mal  ein bisschen mehr beansprucht werden, da sie genug Festigkeit bietet ohne kratzig zu sein&#8220;.<\/p>\n\n\n\n<h2 class=\"wp-block-heading\">Summersock<\/h2>\n<\/div><\/div>\n\n\n\n<ul class=\"wp-block-list\">\n<li>70% Merino \/ 15% Baumwolle \/ 15% Bambus<\/li>\n\n\n\n<li>superwash<\/li>\n\n\n\n<li>plastikfrei<\/li>\n\n\n\n<li>400m\/100g <\/li>\n<\/ul>\n\n\n\n<p>&#8222;Besonders gut f\u00fcr Socken und Strickprojekte geeignet, die auch mal  ein bisschen mehr beansprucht werden, da sie genug Festigkeit bietet ohne kratzig zu sein&#8220;.<\/p>\n","protected":false},"excerpt":{"rendered":"<p>Hier findet ihr Informationen zu den Bases, die ihr bei mir im Shop findet. Du findest sie hier nach Laufl\u00e4nge bzw St\u00e4rke geordnet. Alle Garne sind nat\u00fcrlich Mulesingfrei. Lace Lacy Linen (vegan) Cellu Lace (vegan) Fingering Vanilla Sock (NEW) &#8222;Die Vanilla Sock ist f\u00fcr mich eine richtig tolle Allrounderbase f\u00fcr den Alltag. Super solide, weich [&hellip;]<\/p>\n","protected":false},"author":2,"featured_media":0,"parent":2,"menu_order":0,"comment_status":"closed","ping_status":"closed","template":"","meta":{"footnotes":""},"class_list":["post-213","page","type-page","status-publish","hentry"],"_links":{"self":[{"href":"https:\/\/wintertagtraum.at\/index.php?rest_route=\/wp\/v2\/pages\/213","targetHints":{"allow":["GET"]}}],"collection":[{"href":"https:\/\/wintertagtraum.at\/index.php?rest_route=\/wp\/v2\/pages"}],"about":[{"href":"https:\/\/wintertagtraum.at\/index.php?rest_route=\/wp\/v2\/types\/page"}],"author":[{"embeddable":true,"href":"https:\/\/wintertagtraum.at\/index.php?rest_route=\/wp\/v2\/users\/2"}],"replies":[{"embeddable":true,"href":"https:\/\/wintertagtraum.at\/index.php?rest_route=%2Fwp%2Fv2%2Fcomments&post=213"}],"version-history":[{"count":24,"href":"https:\/\/wintertagtraum.at\/index.php?rest_route=\/wp\/v2\/pages\/213\/revisions"}],"predecessor-version":[{"id":1505,"href":"https:\/\/wintertagtraum.at\/index.php?rest_route=\/wp\/v2\/pages\/213\/revisions\/1505"}],"up":[{"embeddable":true,"href":"https:\/\/wintertagtraum.at\/index.php?rest_route=\/wp\/v2\/pages\/2"}],"wp:attachment":[{"href":"https:\/\/wintertagtraum.at\/index.php?rest_route=%2Fwp%2Fv2%2Fmedia&parent=213"}],"curies":[{"name":"wp","href":"https:\/\/api.w.org\/{rel}","templated":true}]}}