{"id":2,"date":"2022-06-13T21:49:59","date_gmt":"2022-06-13T19:49:59","guid":{"rendered":"https:\/\/wp.skyr.at\/?page_id=2"},"modified":"2022-11-09T14:01:21","modified_gmt":"2022-11-09T13:01:21","slug":"about","status":"publish","type":"page","link":"https:\/\/wintertagtraum.at\/?page_id=2","title":{"rendered":"About"},"content":{"rendered":"\n<p>Hej &amp; Willkommen bei Wintertagtraum,<\/p>\n\n\n\n<p>ich bin Nora, das Gesicht hinter Wintertagtraum und die, die f\u00fcr euch Pigmente auf Wolle bringt. Stilecht mit T-Rex-Streuselgeste!<\/p>\n\n\n\n<p>Wenn ich nicht den Zauberlehrling in der F\u00e4rbek\u00fcche mime, studiere ich Ergotherapie oder liege mit meinen Katzen am Sofa und verdr\u00e4nge, dass ich eigentlich Anatomie pauken sollte.  Sonst bin ich auch oft mit der Kamera unterwegs, f\u00fcr Photoshootings mit Modellen oder auch dokumentativ, zum Beispiel wenn ich Produktbilder f\u00fcr euch mache.  <\/p>\n\n\n\n<div class=\"wp-block-columns is-layout-flex wp-container-core-columns-is-layout-9d6595d7 wp-block-columns-is-layout-flex\">\n<div class=\"wp-block-column is-layout-flow wp-block-column-is-layout-flow\" style=\"flex-basis:100%\">\n<figure class=\"wp-block-image size-large is-resized is-style-default\"><img loading=\"lazy\" decoding=\"async\" src=\"https:\/\/wp.skyr.at\/wp-content\/uploads\/2022\/07\/10372134_819476028109915_4770753135034072984_n.jpg\" alt=\"\" class=\"wp-image-45\" width=\"316\" height=\"447\" srcset=\"https:\/\/wintertagtraum.at\/wp-content\/uploads\/2022\/07\/10372134_819476028109915_4770753135034072984_n.jpg 678w, https:\/\/wintertagtraum.at\/wp-content\/uploads\/2022\/07\/10372134_819476028109915_4770753135034072984_n-212x300.jpg 212w, https:\/\/wintertagtraum.at\/wp-content\/uploads\/2022\/07\/10372134_819476028109915_4770753135034072984_n-416x589.jpg 416w\" sizes=\"auto, (max-width: 316px) 100vw, 316px\" \/><\/figure>\n<\/div>\n<\/div>\n\n\n\n<p>Meine ersten F\u00e4rbeversuche gabs im Sommer 2020, vor allem mit pflanzlichen Farbstoffen, die ich aus verschiedensten Pflanzen aus unserem Garten extrahiert habe. Ungef\u00e4hr ein halbes Jahr sp\u00e4ter kamen dann auch S\u00e4ure- und Reaktivfarben dazu.<\/p>\n\n\n\n<p>Im Herbst 2021 habe ich mit einer ganz lieben Strickfreundin angefangen im Geheimen einen Adventskalender f\u00fcr eine Freundin zu f\u00e4rben und seither sind immer mehr Wollstr\u00e4nge f\u00fcr andere Personen in meinem Topf gelandet. Seit dem fr\u00fchen Sommer 2022 k\u00f6nnt ihr nun auch Str\u00e4nge bei mir erwerben. Ich nehme nat\u00fcrlich auch gerne eure Auftragsf\u00e4rbungen an.<\/p>\n\n\n\n<figure class=\"wp-block-gallery has-nested-images columns-default is-cropped wp-block-gallery-1 is-layout-flex wp-block-gallery-is-layout-flex\"><\/figure>\n","protected":false},"excerpt":{"rendered":"<p>Hej &amp; Willkommen bei Wintertagtraum, ich bin Nora, das Gesicht hinter Wintertagtraum und die, die f\u00fcr euch Pigmente auf Wolle bringt. Stilecht mit T-Rex-Streuselgeste! Wenn ich nicht den Zauberlehrling in der F\u00e4rbek\u00fcche mime, studiere ich Ergotherapie oder liege mit meinen Katzen am Sofa und verdr\u00e4nge, dass ich eigentlich Anatomie pauken sollte. Sonst bin ich auch [&hellip;]<\/p>\n","protected":false},"author":1,"featured_media":0,"parent":0,"menu_order":0,"comment_status":"closed","ping_status":"closed","template":"","meta":{"footnotes":""},"class_list":["post-2","page","type-page","status-publish","hentry"],"_links":{"self":[{"href":"https:\/\/wintertagtraum.at\/index.php?rest_route=\/wp\/v2\/pages\/2","targetHints":{"allow":["GET"]}}],"collection":[{"href":"https:\/\/wintertagtraum.at\/index.php?rest_route=\/wp\/v2\/pages"}],"about":[{"href":"https:\/\/wintertagtraum.at\/index.php?rest_route=\/wp\/v2\/types\/page"}],"author":[{"embeddable":true,"href":"https:\/\/wintertagtraum.at\/index.php?rest_route=\/wp\/v2\/users\/1"}],"replies":[{"embeddable":true,"href":"https:\/\/wintertagtraum.at\/index.php?rest_route=%2Fwp%2Fv2%2Fcomments&post=2"}],"version-history":[{"count":10,"href":"https:\/\/wintertagtraum.at\/index.php?rest_route=\/wp\/v2\/pages\/2\/revisions"}],"predecessor-version":[{"id":1496,"href":"https:\/\/wintertagtraum.at\/index.php?rest_route=\/wp\/v2\/pages\/2\/revisions\/1496"}],"wp:attachment":[{"href":"https:\/\/wintertagtraum.at\/index.php?rest_route=%2Fwp%2Fv2%2Fmedia&parent=2"}],"curies":[{"name":"wp","href":"https:\/\/api.w.org\/{rel}","templated":true}]}}